{"id":7472,"date":"2025-11-07T12:35:52","date_gmt":"2025-11-07T12:35:52","guid":{"rendered":"https:\/\/hotelfritz.com\/?page_id=7472"},"modified":"2025-11-07T13:05:41","modified_gmt":"2025-11-07T13:05:41","slug":"e-meeting","status":"publish","type":"page","link":"https:\/\/hotelfritz.com\/en\/e-meeting\/","title":{"rendered":"Termin vereinbaren mit Johannes Fritz Groebler"},"content":{"rendered":"<section class=\"wpb-content-wrapper\"><div class=\"vc-row-container container\"><div class=\"vc_row wpb_row vc_row-fluid\"><div class=\"wpb_column vc_column_container vc_col-sm-12\"><div class=\"vc_column-inner\"><div class=\"wpb_wrapper\"><div class=\"section-title\">\n    <h2>Schedule an e-meeting with Johannes Fritz Groebler<\/h2>\n<\/div>\n\t<div class=\"wpb_text_column wpb_content_element  post-formatting\" >\n\t\t<div class=\"wpb_wrapper\">\n\t\t\t<div class=\"tidycal-embed\" data-path=\"johannes-fritz-groebler\/hotel-fritz-consulting\"><\/div>\n<p><script src=\"https:\/\/asset-tidycal.b-cdn.net\/js\/embed.js\" async><\/script><\/p>\n\n\t\t<\/div>\n\t<\/div>\n<\/div><\/div><\/div><\/div><\/div><div class=\"vc-row-container container\"><div class=\"vc_row wpb_row vc_row-fluid\"><div class=\"wpb_column vc_column_container vc_col-sm-12\"><div class=\"vc_column-inner\"><div class=\"wpb_wrapper\">\n\t<div class=\"wpb_text_column wpb_content_element  post-formatting\" >\n\t\t<div class=\"wpb_wrapper\">\n\t\t\t\n\t\t<\/div>\n\t<\/div>\n<\/div><\/div><\/div><\/div><\/div>\n<\/section>","protected":false},"excerpt":{"rendered":"Schedule an e-meeting with Johannes Fritz Groebler","protected":false},"author":1,"featured_media":6139,"parent":0,"menu_order":0,"comment_status":"open","ping_status":"open","template":"","meta":{"footnotes":""},"class_list":["post-7472","page","type-page","status-publish","has-post-thumbnail","hentry"],"acf":[],"yoast_head":"<!-- This site is optimized with the Yoast SEO plugin v27.3 - https:\/\/yoast.com\/product\/yoast-seo-wordpress\/ -->\n<title>Ihr pers\u00f6nlicher Consultant f\u00fcr Hotels<\/title>\n<meta name=\"description\" content=\"Als Ihr pers\u00f6nlicher Consultant f\u00fcr Hotels stehen wir Ihnen mit Rat und Tat zur Seite. Bei Hotel Fritz Consulting bieten wir Ihnen umfassende Beratung und Unterst\u00fctzung, um Ihre Ziele zu erreichen und Ihr Hotelgesch\u00e4ft auf das n\u00e4chste Level zu bringen.\" \/>\n<meta name=\"robots\" content=\"index, follow, max-snippet:-1, max-image-preview:large, max-video-preview:-1\" \/>\n<link rel=\"canonical\" href=\"https:\/\/hotelfritz.com\/en\/e-meeting\/\" \/>\n<meta property=\"og:locale\" content=\"en_US\" \/>\n<meta property=\"og:type\" content=\"article\" \/>\n<meta property=\"og:title\" content=\"Ihr pers\u00f6nlicher Consultant f\u00fcr Hotels\" \/>\n<meta property=\"og:description\" content=\"Als Ihr pers\u00f6nlicher Consultant f\u00fcr Hotels stehen wir Ihnen mit Rat und Tat zur Seite. Bei Hotel Fritz Consulting bieten wir Ihnen umfassende Beratung und Unterst\u00fctzung, um Ihre Ziele zu erreichen und Ihr Hotelgesch\u00e4ft auf das n\u00e4chste Level zu bringen.\" \/>\n<meta property=\"og:url\" content=\"https:\/\/hotelfritz.com\/en\/e-meeting\/\" \/>\n<meta property=\"og:site_name\" content=\"Hotel Consulting - Hotelberatung Johannes Fritz Groebler\" \/>\n<meta property=\"article:publisher\" content=\"https:\/\/www.facebook.com\/johannes.f.groebler\" \/>\n<meta property=\"og:image\" content=\"https:\/\/hotelfritz.com\/wp-content\/uploads\/2022\/10\/Hotelberatung-Hotel-Consulting-Hotelberater-Johannes-Fritz-Groebler-min.jpg\" \/>\n\t<meta property=\"og:image:width\" content=\"900\" \/>\n\t<meta property=\"og:image:height\" content=\"900\" \/>\n\t<meta property=\"og:image:type\" content=\"image\/jpeg\" \/>\n<meta name=\"twitter:card\" content=\"summary_large_image\" \/>\n<meta name=\"twitter:site\" content=\"@Hotel_Fritz\" \/>\n<meta name=\"twitter:label1\" content=\"Est. reading time\" \/>\n\t<meta name=\"twitter:data1\" content=\"1 minute\" \/>\n<!-- \/ Yoast SEO plugin. -->","yoast_head_json":{"title":"Ihr pers\u00f6nlicher Consultant f\u00fcr Hotels","description":"Als Ihr pers\u00f6nlicher Consultant f\u00fcr Hotels stehen wir Ihnen mit Rat und Tat zur Seite. Bei Hotel Fritz Consulting bieten wir Ihnen umfassende Beratung und Unterst\u00fctzung, um Ihre Ziele zu erreichen und Ihr Hotelgesch\u00e4ft auf das n\u00e4chste Level zu bringen.","robots":{"index":"index","follow":"follow","max-snippet":"max-snippet:-1","max-image-preview":"max-image-preview:large","max-video-preview":"max-video-preview:-1"},"canonical":"https:\/\/hotelfritz.com\/en\/e-meeting\/","og_locale":"en_US","og_type":"article","og_title":"Ihr pers\u00f6nlicher Consultant f\u00fcr Hotels","og_description":"Als Ihr pers\u00f6nlicher Consultant f\u00fcr Hotels stehen wir Ihnen mit Rat und Tat zur Seite. Bei Hotel Fritz Consulting bieten wir Ihnen umfassende Beratung und Unterst\u00fctzung, um Ihre Ziele zu erreichen und Ihr Hotelgesch\u00e4ft auf das n\u00e4chste Level zu bringen.","og_url":"https:\/\/hotelfritz.com\/en\/e-meeting\/","og_site_name":"Hotel Consulting - Hotelberatung Johannes Fritz Groebler","article_publisher":"https:\/\/www.facebook.com\/johannes.f.groebler","og_image":[{"width":900,"height":900,"url":"https:\/\/hotelfritz.com\/wp-content\/uploads\/2022\/10\/Hotelberatung-Hotel-Consulting-Hotelberater-Johannes-Fritz-Groebler-min.jpg","type":"image\/jpeg"}],"twitter_card":"summary_large_image","twitter_site":"@Hotel_Fritz","twitter_misc":{"Est. reading time":"1 minute"},"schema":{"@context":"https:\/\/schema.org","@graph":[{"@type":"WebPage","@id":"https:\/\/hotelfritz.com\/e-meeting\/","url":"https:\/\/hotelfritz.com\/e-meeting\/","name":"Ihr pers\u00f6nlicher Consultant f\u00fcr Hotels","isPartOf":{"@id":"https:\/\/hotelfritz.com\/#website"},"primaryImageOfPage":{"@id":"https:\/\/hotelfritz.com\/e-meeting\/#primaryimage"},"image":{"@id":"https:\/\/hotelfritz.com\/e-meeting\/#primaryimage"},"thumbnailUrl":"https:\/\/hotelfritz.com\/wp-content\/uploads\/2022\/10\/Hotelberatung-Hotel-Consulting-Hotelberater-Johannes-Fritz-Groebler-min.jpg","datePublished":"2025-11-07T12:35:52+00:00","dateModified":"2025-11-07T13:05:41+00:00","description":"Als Ihr pers\u00f6nlicher Consultant f\u00fcr Hotels stehen wir Ihnen mit Rat und Tat zur Seite. Bei Hotel Fritz Consulting bieten wir Ihnen umfassende Beratung und Unterst\u00fctzung, um Ihre Ziele zu erreichen und Ihr Hotelgesch\u00e4ft auf das n\u00e4chste Level zu bringen.","breadcrumb":{"@id":"https:\/\/hotelfritz.com\/e-meeting\/#breadcrumb"},"inLanguage":"en-US","potentialAction":[{"@type":"ReadAction","target":["https:\/\/hotelfritz.com\/e-meeting\/"]}]},{"@type":"ImageObject","inLanguage":"en-US","@id":"https:\/\/hotelfritz.com\/e-meeting\/#primaryimage","url":"https:\/\/hotelfritz.com\/wp-content\/uploads\/2022\/10\/Hotelberatung-Hotel-Consulting-Hotelberater-Johannes-Fritz-Groebler-min.jpg","contentUrl":"https:\/\/hotelfritz.com\/wp-content\/uploads\/2022\/10\/Hotelberatung-Hotel-Consulting-Hotelberater-Johannes-Fritz-Groebler-min.jpg","width":900,"height":900},{"@type":"BreadcrumbList","@id":"https:\/\/hotelfritz.com\/e-meeting\/#breadcrumb","itemListElement":[{"@type":"ListItem","position":1,"name":"Home","item":"https:\/\/hotelfritz.com\/"},{"@type":"ListItem","position":2,"name":"Termin vereinbaren mit Johannes Fritz Groebler"}]},{"@type":"WebSite","@id":"https:\/\/hotelfritz.com\/#website","url":"https:\/\/hotelfritz.com\/","name":"Hotel Consulting - Hotelberatung Johannes Fritz Groebler","description":"hotelfritz.com","publisher":{"@id":"https:\/\/hotelfritz.com\/#organization"},"potentialAction":[{"@type":"SearchAction","target":{"@type":"EntryPoint","urlTemplate":"https:\/\/hotelfritz.com\/?s={search_term_string}"},"query-input":{"@type":"PropertyValueSpecification","valueRequired":true,"valueName":"search_term_string"}}],"inLanguage":"en-US"},{"@type":"Organization","@id":"https:\/\/hotelfritz.com\/#organization","name":"Hotel Fritz","url":"https:\/\/hotelfritz.com\/","logo":{"@type":"ImageObject","inLanguage":"en-US","@id":"https:\/\/hotelfritz.com\/#\/schema\/logo\/image\/","url":"https:\/\/hotelfritz.com\/wp-content\/uploads\/2021\/07\/logo-hotel-fritz-black.png","contentUrl":"https:\/\/hotelfritz.com\/wp-content\/uploads\/2021\/07\/logo-hotel-fritz-black.png","width":379,"height":60,"caption":"Hotel Fritz"},"image":{"@id":"https:\/\/hotelfritz.com\/#\/schema\/logo\/image\/"},"sameAs":["https:\/\/www.facebook.com\/johannes.f.groebler","https:\/\/x.com\/Hotel_Fritz","https:\/\/www.instagram.com\/hotelfritz_\/","https:\/\/www.pinterest.de\/JohannesFritzGroebler\/","https:\/\/www.linkedin.com\/in\/johannesgroebler\/","https:\/\/www.youtube.com\/channel\/UCTBxv_KtziYqXWm2a9DEjDA"]}]}},"_links":{"self":[{"href":"https:\/\/hotelfritz.com\/en\/wp-json\/wp\/v2\/pages\/7472","targetHints":{"allow":["GET"]}}],"collection":[{"href":"https:\/\/hotelfritz.com\/en\/wp-json\/wp\/v2\/pages"}],"about":[{"href":"https:\/\/hotelfritz.com\/en\/wp-json\/wp\/v2\/types\/page"}],"author":[{"embeddable":true,"href":"https:\/\/hotelfritz.com\/en\/wp-json\/wp\/v2\/users\/1"}],"replies":[{"embeddable":true,"href":"https:\/\/hotelfritz.com\/en\/wp-json\/wp\/v2\/comments?post=7472"}],"version-history":[{"count":4,"href":"https:\/\/hotelfritz.com\/en\/wp-json\/wp\/v2\/pages\/7472\/revisions"}],"predecessor-version":[{"id":7476,"href":"https:\/\/hotelfritz.com\/en\/wp-json\/wp\/v2\/pages\/7472\/revisions\/7476"}],"wp:featuredmedia":[{"embeddable":true,"href":"https:\/\/hotelfritz.com\/en\/wp-json\/wp\/v2\/media\/6139"}],"wp:attachment":[{"href":"https:\/\/hotelfritz.com\/en\/wp-json\/wp\/v2\/media?parent=7472"}],"curies":[{"name":"wp","href":"https:\/\/api.w.org\/{rel}","templated":true}]}}