{"id":7298,"date":"2024-07-02T15:08:20","date_gmt":"2024-07-02T15:08:20","guid":{"rendered":"https:\/\/hotelfritz.com\/?page_id=7298"},"modified":"2024-07-02T15:09:55","modified_gmt":"2024-07-02T15:09:55","slug":"hotel-success-htlsccss-hotel-erfolg","status":"publish","type":"page","link":"https:\/\/hotelfritz.com\/en\/hotel-success-htlsccss-hotel-erfolg\/","title":{"rendered":"Hotel Success &#8211; Hotel Erfolg"},"content":{"rendered":"<section class=\"wpb-content-wrapper\"><div class=\"vc-row-container container\"><div class=\"vc_row wpb_row vc_row-fluid\"><div class=\"wpb_column vc_column_container vc_col-sm-6\"><div class=\"vc_column-inner\"><div class=\"wpb_wrapper\">\n\t<div  class=\"wpb_single_image wpb_content_element vc_align_left\">\n\t\t\n\t\t<figure class=\"wpb_wrapper vc_figure\">\n\t\t\t<div class=\"vc_single_image-wrapper   vc_box_border_grey\"><img loading=\"lazy\" decoding=\"async\" width=\"700\" height=\"700\" src=\"https:\/\/hotelfritz.com\/wp-content\/uploads\/2024\/07\/hotel-success.png\" class=\"vc_single_image-img attachment-full\" alt=\"\" title=\"hotel success\" srcset=\"https:\/\/hotelfritz.com\/wp-content\/uploads\/2024\/07\/hotel-success.png 700w, https:\/\/hotelfritz.com\/wp-content\/uploads\/2024\/07\/hotel-success-300x300.png 300w, https:\/\/hotelfritz.com\/wp-content\/uploads\/2024\/07\/hotel-success-150x150.png 150w, https:\/\/hotelfritz.com\/wp-content\/uploads\/2024\/07\/hotel-success-12x12.png 12w, https:\/\/hotelfritz.com\/wp-content\/uploads\/2024\/07\/hotel-success-468x468.png 468w, https:\/\/hotelfritz.com\/wp-content\/uploads\/2024\/07\/hotel-success-558x558.png 558w, https:\/\/hotelfritz.com\/wp-content\/uploads\/2024\/07\/hotel-success-655x655.png 655w, https:\/\/hotelfritz.com\/wp-content\/uploads\/2024\/07\/hotel-success-600x600.png 600w, https:\/\/hotelfritz.com\/wp-content\/uploads\/2024\/07\/hotel-success-220x220.png 220w, https:\/\/hotelfritz.com\/wp-content\/uploads\/2024\/07\/hotel-success-266x266.png 266w\" sizes=\"auto, (max-width: 700px) 100vw, 700px\" \/><\/div>\n\t\t<\/figure>\n\t<\/div>\n<\/div><\/div><\/div><div class=\"wpb_column vc_column_container vc_col-sm-6\"><div class=\"vc_column-inner\"><div class=\"wpb_wrapper\"><div class=\"vc_row wpb_row vc_inner vc_row-fluid\"><div class=\"wpb_column vc_column_container vc_col-sm-12\"><div class=\"vc_column-inner\"><div class=\"wpb_wrapper\"><\/div><\/div><\/div><\/div>\n\t<div class=\"wpb_text_column wpb_content_element  post-formatting\" >\n\t\t<div class=\"wpb_wrapper\">\n\t\t\t<h3><\/h3>\n<p>&nbsp;<\/p>\n<h3><strong>Hotel Success is coming soon\u2026<\/strong><\/h3>\n<p>\ud83c\udf1f Welcome to the Future of Hospitality! \ud83c\udf1f<\/p>\n<p>Wir entwickeln eine innovative L\u00f6sung, um Marken, Dienstleistungen und Produkte zu pr\u00e4sentieren, die den Erfolg Ihres Hotels maximiert. Unser Ziel ist es, Hoteliers, Branchenexperten und Reisenden die besten Werkzeuge, Einblicke und Ressourcen zur Verf\u00fcgung zu stellen.<\/p>\n<h3><strong>Was Sie erwartet:<\/strong><\/h3>\n<p><strong>Innovation:<\/strong> Tauchen Sie ein in die neuesten Trends, Technologien und Strategien, die die Zukunft der Gastfreundschaft gestalten.<\/p>\n<p><strong>L\u00f6sungen:<\/strong> Erhalten Sie ma\u00dfgeschneiderte L\u00f6sungen, die speziell auf die Bed\u00fcrfnisse Ihres Hotels abgestimmt sind und Ihnen helfen, Ihre Gesch\u00e4ftsziele effizient zu erreichen.<\/p>\n<p><strong>Experten-Einblicke:<\/strong> Erfahren Sie von Branchenf\u00fchrern und Experten, wie Sie neue Ma\u00dfst\u00e4be f\u00fcr Erfolg setzen k\u00f6nnen.<\/p>\n<p><strong>Best Practices:<\/strong> Nutzen Sie bew\u00e4hrte Methoden und Fallstudien, um die Leistung Ihres Hotels und die Zufriedenheit Ihrer G\u00e4ste zu steigern.<\/p>\n<p><strong>Gemeinschaftliche Vernetzung:<\/strong> Vernetzen Sie sich mit Fachleuten, die Ihre Leidenschaft f\u00fcr Gastfreundschaft teilen.<\/p>\n<h3><strong>Bleiben Sie dran!<\/strong><\/h3>\n<p>Seit 2023 arbeiten wir intensiv daran, Ihnen eine innovative L\u00f6sung zu pr\u00e4sentieren. Wir freuen uns darauf, sie bald mit Ihnen teilen zu k\u00f6nnen.<\/p>\n<h3><strong>Melden Sie sich f\u00fcr Updates an<\/strong>\u00a0<a href=\"mailto:mail@hotelfritz.com\" target=\"_blank\" rel=\"noopener\"><strong>Email hier &gt;&gt;<\/strong><\/a><\/h3>\n<p>Verpassen Sie nichts! Melden Sie sich jetzt an, um exklusive Updates, Vorabzugang und Einblicke in unsere Pl\u00e4ne zu erhalten. Folgen Sie uns in den sozialen Medien f\u00fcr die neuesten Nachrichten und Updates:<\/p>\n<p><a href=\"https:\/\/www.linkedin.com\/company\/htlsccss\/\" target=\"_blank\" rel=\"noopener\">LinkedIn<\/a><\/p>\n<p><a href=\"https:\/\/twitter.com\/htlsccss\" target=\"_blank\" rel=\"noopener\">Twitter<\/a><\/p>\n<p><a href=\"https:\/\/www.facebook.com\/htlsccss\" target=\"_blank\" rel=\"noopener\">Facebook<\/a><\/p>\n<p><a href=\"https:\/\/www.instagram.com\/htlsccss\/\" target=\"_blank\" rel=\"noopener\">Instagram<\/a><\/p>\n<p><a href=\"https:\/\/www.youtube.com\/channel\/UCVDJ-dfTqta6JROPI2fwIZQ\" target=\"_blank\" rel=\"noopener\">YouTube<\/a><\/p>\n<p><a href=\"https:\/\/www.pinterest.de\/htlsccss\/\" target=\"_blank\" rel=\"noopener\">Pinterest<\/a><\/p>\n<p>Vielen Dank f\u00fcr Ihre Geduld und Unterst\u00fctzung. Wir freuen uns darauf, diese <strong>Hotel Success<\/strong> Reise mit Ihnen zu beginnen! \ud83c\udf1f\ud83c\udfe8<\/p>\n<p>#HotelSuccess #HtlSccss #HotelErfolg<\/p>\n\n\t\t<\/div>\n\t<\/div>\n<div class=\"vc_row wpb_row vc_inner vc_row-fluid\"><div class=\"wpb_column vc_column_container vc_col-sm-12\"><div class=\"vc_column-inner\"><div class=\"wpb_wrapper\"><\/div><\/div><\/div><\/div><\/div><\/div><\/div><\/div><\/div>\n<\/section>","protected":false},"excerpt":{"rendered":"&nbsp; Hotel Success is coming soon\u2026 \ud83c\udf1f Welcome to the Future of Hospitality! \ud83c\udf1f Wir entwickeln eine innovative L\u00f6sung, um Marken, Dienstleistungen und Produkte zu pr\u00e4sentieren, die den Erfolg Ihres Hotels maximiert. Unser Ziel ist es, Hoteliers, Branchenexperten und Reisenden die besten Werkzeuge, Einblicke und Ressourcen zur Verf\u00fcgung zu stellen. Was Sie erwartet: Innovation: Tauchen&hellip;","protected":false},"author":1,"featured_media":7299,"parent":0,"menu_order":0,"comment_status":"open","ping_status":"open","template":"","meta":{"footnotes":""},"class_list":["post-7298","page","type-page","status-publish","has-post-thumbnail","hentry"],"acf":[],"yoast_head":"<!-- This site is optimized with the Yoast SEO plugin v27.4 - https:\/\/yoast.com\/product\/yoast-seo-wordpress\/ -->\n<title>Hotel Success - Hotel Erfolg<\/title>\n<meta name=\"description\" content=\"Wir entwickeln eine innovative L\u00f6sung, um Marken, Dienstleistungen und Produkte zu pr\u00e4sentieren, die den Erfolg Ihres Hotels maximiert. Unser Ziel ist es, Hoteliers, Branchenexperten und Reisenden die besten Werkzeuge, Einblicke und Ressourcen zur Verf\u00fcgung zu stellen.\" \/>\n<meta name=\"robots\" content=\"index, follow, max-snippet:-1, max-image-preview:large, max-video-preview:-1\" \/>\n<link rel=\"canonical\" href=\"https:\/\/hotelfritz.com\/en\/hotel-success-htlsccss-hotel-erfolg\/\" \/>\n<meta property=\"og:locale\" content=\"en_US\" \/>\n<meta property=\"og:type\" content=\"article\" \/>\n<meta property=\"og:title\" content=\"Hotel Success - Hotel Erfolg\" \/>\n<meta property=\"og:description\" content=\"Wir entwickeln eine innovative L\u00f6sung, um Marken, Dienstleistungen und Produkte zu pr\u00e4sentieren, die den Erfolg Ihres Hotels maximiert. Unser Ziel ist es, Hoteliers, Branchenexperten und Reisenden die besten Werkzeuge, Einblicke und Ressourcen zur Verf\u00fcgung zu stellen.\" \/>\n<meta property=\"og:url\" content=\"https:\/\/hotelfritz.com\/en\/hotel-success-htlsccss-hotel-erfolg\/\" \/>\n<meta property=\"og:site_name\" content=\"Hotel Consulting - Hotelberatung Johannes Fritz Groebler\" \/>\n<meta property=\"article:publisher\" content=\"https:\/\/www.facebook.com\/johannes.f.groebler\" \/>\n<meta property=\"og:image\" content=\"https:\/\/hotelfritz.com\/wp-content\/uploads\/2024\/07\/hotel-success.png\" \/>\n\t<meta property=\"og:image:width\" content=\"700\" \/>\n\t<meta property=\"og:image:height\" content=\"700\" \/>\n\t<meta property=\"og:image:type\" content=\"image\/png\" \/>\n<meta name=\"twitter:card\" content=\"summary_large_image\" \/>\n<meta name=\"twitter:site\" content=\"@Hotel_Fritz\" \/>\n<meta name=\"twitter:label1\" content=\"Est. reading time\" \/>\n\t<meta name=\"twitter:data1\" content=\"2 minutes\" \/>\n<!-- \/ Yoast SEO plugin. -->","yoast_head_json":{"title":"Hotel Success - Hotel Erfolg","description":"Wir entwickeln eine innovative L\u00f6sung, um Marken, Dienstleistungen und Produkte zu pr\u00e4sentieren, die den Erfolg Ihres Hotels maximiert. Unser Ziel ist es, Hoteliers, Branchenexperten und Reisenden die besten Werkzeuge, Einblicke und Ressourcen zur Verf\u00fcgung zu stellen.","robots":{"index":"index","follow":"follow","max-snippet":"max-snippet:-1","max-image-preview":"max-image-preview:large","max-video-preview":"max-video-preview:-1"},"canonical":"https:\/\/hotelfritz.com\/en\/hotel-success-htlsccss-hotel-erfolg\/","og_locale":"en_US","og_type":"article","og_title":"Hotel Success - Hotel Erfolg","og_description":"Wir entwickeln eine innovative L\u00f6sung, um Marken, Dienstleistungen und Produkte zu pr\u00e4sentieren, die den Erfolg Ihres Hotels maximiert. Unser Ziel ist es, Hoteliers, Branchenexperten und Reisenden die besten Werkzeuge, Einblicke und Ressourcen zur Verf\u00fcgung zu stellen.","og_url":"https:\/\/hotelfritz.com\/en\/hotel-success-htlsccss-hotel-erfolg\/","og_site_name":"Hotel Consulting - Hotelberatung Johannes Fritz Groebler","article_publisher":"https:\/\/www.facebook.com\/johannes.f.groebler","og_image":[{"width":700,"height":700,"url":"https:\/\/hotelfritz.com\/wp-content\/uploads\/2024\/07\/hotel-success.png","type":"image\/png"}],"twitter_card":"summary_large_image","twitter_site":"@Hotel_Fritz","twitter_misc":{"Est. reading time":"2 minutes"},"schema":{"@context":"https:\/\/schema.org","@graph":[{"@type":"WebPage","@id":"https:\/\/hotelfritz.com\/hotel-success-htlsccss-hotel-erfolg\/","url":"https:\/\/hotelfritz.com\/hotel-success-htlsccss-hotel-erfolg\/","name":"Hotel Success - Hotel Erfolg","isPartOf":{"@id":"https:\/\/hotelfritz.com\/#website"},"primaryImageOfPage":{"@id":"https:\/\/hotelfritz.com\/hotel-success-htlsccss-hotel-erfolg\/#primaryimage"},"image":{"@id":"https:\/\/hotelfritz.com\/hotel-success-htlsccss-hotel-erfolg\/#primaryimage"},"thumbnailUrl":"https:\/\/hotelfritz.com\/wp-content\/uploads\/2024\/07\/hotel-success.png","datePublished":"2024-07-02T15:08:20+00:00","dateModified":"2024-07-02T15:09:55+00:00","description":"Wir entwickeln eine innovative L\u00f6sung, um Marken, Dienstleistungen und Produkte zu pr\u00e4sentieren, die den Erfolg Ihres Hotels maximiert. Unser Ziel ist es, Hoteliers, Branchenexperten und Reisenden die besten Werkzeuge, Einblicke und Ressourcen zur Verf\u00fcgung zu stellen.","breadcrumb":{"@id":"https:\/\/hotelfritz.com\/hotel-success-htlsccss-hotel-erfolg\/#breadcrumb"},"inLanguage":"en-US","potentialAction":[{"@type":"ReadAction","target":["https:\/\/hotelfritz.com\/hotel-success-htlsccss-hotel-erfolg\/"]}]},{"@type":"ImageObject","inLanguage":"en-US","@id":"https:\/\/hotelfritz.com\/hotel-success-htlsccss-hotel-erfolg\/#primaryimage","url":"https:\/\/hotelfritz.com\/wp-content\/uploads\/2024\/07\/hotel-success.png","contentUrl":"https:\/\/hotelfritz.com\/wp-content\/uploads\/2024\/07\/hotel-success.png","width":700,"height":700},{"@type":"BreadcrumbList","@id":"https:\/\/hotelfritz.com\/hotel-success-htlsccss-hotel-erfolg\/#breadcrumb","itemListElement":[{"@type":"ListItem","position":1,"name":"Home","item":"https:\/\/hotelfritz.com\/"},{"@type":"ListItem","position":2,"name":"Hotel Success &#8211; Hotel Erfolg"}]},{"@type":"WebSite","@id":"https:\/\/hotelfritz.com\/#website","url":"https:\/\/hotelfritz.com\/","name":"Hotel Consulting - Hotelberatung Johannes Fritz Groebler","description":"hotelfritz.com","publisher":{"@id":"https:\/\/hotelfritz.com\/#organization"},"potentialAction":[{"@type":"SearchAction","target":{"@type":"EntryPoint","urlTemplate":"https:\/\/hotelfritz.com\/?s={search_term_string}"},"query-input":{"@type":"PropertyValueSpecification","valueRequired":true,"valueName":"search_term_string"}}],"inLanguage":"en-US"},{"@type":"Organization","@id":"https:\/\/hotelfritz.com\/#organization","name":"Hotel Fritz","url":"https:\/\/hotelfritz.com\/","logo":{"@type":"ImageObject","inLanguage":"en-US","@id":"https:\/\/hotelfritz.com\/#\/schema\/logo\/image\/","url":"https:\/\/hotelfritz.com\/wp-content\/uploads\/2021\/07\/logo-hotel-fritz-black.png","contentUrl":"https:\/\/hotelfritz.com\/wp-content\/uploads\/2021\/07\/logo-hotel-fritz-black.png","width":379,"height":60,"caption":"Hotel Fritz"},"image":{"@id":"https:\/\/hotelfritz.com\/#\/schema\/logo\/image\/"},"sameAs":["https:\/\/www.facebook.com\/johannes.f.groebler","https:\/\/x.com\/Hotel_Fritz","https:\/\/www.instagram.com\/hotelfritz_\/","https:\/\/www.pinterest.de\/JohannesFritzGroebler\/","https:\/\/www.linkedin.com\/in\/johannesgroebler\/","https:\/\/www.youtube.com\/channel\/UCTBxv_KtziYqXWm2a9DEjDA"]}]}},"_links":{"self":[{"href":"https:\/\/hotelfritz.com\/en\/wp-json\/wp\/v2\/pages\/7298","targetHints":{"allow":["GET"]}}],"collection":[{"href":"https:\/\/hotelfritz.com\/en\/wp-json\/wp\/v2\/pages"}],"about":[{"href":"https:\/\/hotelfritz.com\/en\/wp-json\/wp\/v2\/types\/page"}],"author":[{"embeddable":true,"href":"https:\/\/hotelfritz.com\/en\/wp-json\/wp\/v2\/users\/1"}],"replies":[{"embeddable":true,"href":"https:\/\/hotelfritz.com\/en\/wp-json\/wp\/v2\/comments?post=7298"}],"version-history":[{"count":15,"href":"https:\/\/hotelfritz.com\/en\/wp-json\/wp\/v2\/pages\/7298\/revisions"}],"predecessor-version":[{"id":7314,"href":"https:\/\/hotelfritz.com\/en\/wp-json\/wp\/v2\/pages\/7298\/revisions\/7314"}],"wp:featuredmedia":[{"embeddable":true,"href":"https:\/\/hotelfritz.com\/en\/wp-json\/wp\/v2\/media\/7299"}],"wp:attachment":[{"href":"https:\/\/hotelfritz.com\/en\/wp-json\/wp\/v2\/media?parent=7298"}],"curies":[{"name":"wp","href":"https:\/\/api.w.org\/{rel}","templated":true}]}}