{"id":7283,"date":"2024-07-01T10:06:42","date_gmt":"2024-07-01T10:06:42","guid":{"rendered":"https:\/\/hotelfritz.com\/?page_id=7283"},"modified":"2025-11-11T19:42:34","modified_gmt":"2025-11-11T19:42:34","slug":"hotelconsulting-hotelberatung-hotelconsultant-consultinghotels","status":"publish","type":"page","link":"https:\/\/hotelfritz.com\/en\/hotelconsulting-hotelberatung-hotelconsultant-consultinghotels\/","title":{"rendered":"Hotel Consulting &#8211; Johannes Fritz Groebler"},"content":{"rendered":"<section class=\"wpb-content-wrapper\"><div class=\"vc-row-container container\"><div class=\"vc_row wpb_row vc_row-fluid\"><div class=\"wpb_column vc_column_container vc_col-sm-3\"><div class=\"vc_column-inner\"><div class=\"wpb_wrapper\">\n\t<div  class=\"wpb_single_image wpb_content_element vc_align_left\">\n\t\t\n\t\t<figure class=\"wpb_wrapper vc_figure\">\n\t\t\t<div class=\"vc_single_image-wrapper   vc_box_border_grey\"><img loading=\"lazy\" decoding=\"async\" width=\"300\" height=\"300\" src=\"https:\/\/hotelfritz.com\/wp-content\/uploads\/2023\/04\/Hotelberatung-Hotelberater-Consulting-Johannes-Fritz-Groebler-4-min-300x300.jpg\" class=\"vc_single_image-img attachment-medium\" alt=\"\" title=\"Hotelberatung Hotelberater Consulting Johannes Fritz Groebler 4-min\" srcset=\"https:\/\/hotelfritz.com\/wp-content\/uploads\/2023\/04\/Hotelberatung-Hotelberater-Consulting-Johannes-Fritz-Groebler-4-min-300x300.jpg 300w, https:\/\/hotelfritz.com\/wp-content\/uploads\/2023\/04\/Hotelberatung-Hotelberater-Consulting-Johannes-Fritz-Groebler-4-min-1024x1024.jpg 1024w, https:\/\/hotelfritz.com\/wp-content\/uploads\/2023\/04\/Hotelberatung-Hotelberater-Consulting-Johannes-Fritz-Groebler-4-min-150x150.jpg 150w, https:\/\/hotelfritz.com\/wp-content\/uploads\/2023\/04\/Hotelberatung-Hotelberater-Consulting-Johannes-Fritz-Groebler-4-min-768x767.jpg 768w, https:\/\/hotelfritz.com\/wp-content\/uploads\/2023\/04\/Hotelberatung-Hotelberater-Consulting-Johannes-Fritz-Groebler-4-min-12x12.jpg 12w, https:\/\/hotelfritz.com\/wp-content\/uploads\/2023\/04\/Hotelberatung-Hotelberater-Consulting-Johannes-Fritz-Groebler-4-min-468x468.jpg 468w, https:\/\/hotelfritz.com\/wp-content\/uploads\/2023\/04\/Hotelberatung-Hotelberater-Consulting-Johannes-Fritz-Groebler-4-min-1116x1115.jpg 1116w, https:\/\/hotelfritz.com\/wp-content\/uploads\/2023\/04\/Hotelberatung-Hotelberater-Consulting-Johannes-Fritz-Groebler-4-min-806x805.jpg 806w, https:\/\/hotelfritz.com\/wp-content\/uploads\/2023\/04\/Hotelberatung-Hotelberater-Consulting-Johannes-Fritz-Groebler-4-min-558x558.jpg 558w, https:\/\/hotelfritz.com\/wp-content\/uploads\/2023\/04\/Hotelberatung-Hotelberater-Consulting-Johannes-Fritz-Groebler-4-min-655x655.jpg 655w, https:\/\/hotelfritz.com\/wp-content\/uploads\/2023\/04\/Hotelberatung-Hotelberater-Consulting-Johannes-Fritz-Groebler-4-min-266x266.jpg 266w, https:\/\/hotelfritz.com\/wp-content\/uploads\/2023\/04\/Hotelberatung-Hotelberater-Consulting-Johannes-Fritz-Groebler-4-min.jpg 1382w\" sizes=\"auto, (max-width: 300px) 100vw, 300px\" \/><\/div>\n\t\t<\/figure>\n\t<\/div>\n<\/div><\/div><\/div><div class=\"wpb_column vc_column_container vc_col-sm-6\"><div class=\"vc_column-inner\"><div class=\"wpb_wrapper\"><div class=\"section-title\">\n    <h2>Hotel Consulting f\u00fcr nachhaltigen Erfolg<\/h2>\n<p>Johannes Fritz Groebler &#8211; Hotel Consultant<\/p>\n<\/div>\n\t<div class=\"wpb_text_column wpb_content_element  post-formatting\" >\n\t\t<div class=\"wpb_wrapper\">\n\t\t\t<p>Unser Hotel Consulting Service zielt darauf ab, Ihre Gesch\u00e4ftsergebnisse zu verbessern und nachhaltigen Erfolg zu gew\u00e4hrleisten. Bei Hotel Fritz Consulting bieten wir Ihnen umfassende Unterst\u00fctzung, um Ihre Ziele zu erreichen und Ihr Hotelgesch\u00e4ft auf das n\u00e4chste Level zu bringen.<\/p>\n<p><strong>Strategische Planung und Umsetzung<\/strong><\/p>\n<p>Unser Hotel Consulting beginnt mit einer detaillierten Analyse Ihres Betriebs. Wir entwickeln Strategien, die auf Ihre individuellen Bed\u00fcrfnisse abgestimmt sind und begleiten Sie bei der Umsetzung. Unser Ziel ist es, Ihnen zu helfen, Ihre Effizienz zu steigern und Ihre Wettbewerbsf\u00e4higkeit zu erh\u00f6hen.<\/p>\n<p><strong>Marktanalysen und Positionierung<\/strong><\/p>\n<p>Ein wichtiger Bestandteil unseres Hotel Consulting ist die Marktanalyse und Positionierung. Wir helfen Ihnen, Ihre Marktposition zu st\u00e4rken und neue Gesch\u00e4ftsm\u00f6glichkeiten zu identifizieren. Unsere Experten verf\u00fcgen \u00fcber das n\u00f6tige Wissen und die Erfahrung, um Ihnen praxisnahe Empfehlungen zu geben.<\/p>\n<p><strong>Ihr Partner f\u00fcr erfolgreiches Hotel Consulting<\/strong><\/p>\n<p>Bei Hotel Fritz Consulting sind wir stolz darauf, Ihnen umfassendes Hotel Consulting zu bieten, das auf Ihre spezifischen Anforderungen abgestimmt ist. Kontaktieren Sie uns noch heute und erfahren Sie, wie wir Ihnen helfen k\u00f6nnen, Ihre Visionen zu verwirklichen und Ihr Hotelgesch\u00e4ft nachhaltig erfolgreich zu gestalten.<\/p>\n\n\t\t<\/div>\n\t<\/div>\n<div class=\"vc_row wpb_row vc_inner vc_row-fluid\"><div class=\"wpb_column vc_column_container vc_col-sm-12\"><div class=\"vc_column-inner\"><div class=\"wpb_wrapper\"><\/div><\/div><\/div><\/div><div class=\"section-title\">\n    <h2>Contact<\/h2>\n<\/div>\n\t<div class=\"wpb_text_column wpb_content_element  post-formatting\" >\n\t\t<div class=\"wpb_wrapper\">\n\t\t\t<p><strong>E-Mail<\/strong> <a href=\"mailto:mail@hotelfritz.com\">mail@hotelfritz.com<\/a><\/p>\n<p><strong>Phone<\/strong> 0162 851 6036<\/p>\n<h3><a href=\"https:\/\/hotelfritz.com\/en\/e-meeting\/\" target=\"_blank\" rel=\"noopener\"><strong>E-Meeting Temrin hier vereinbaren<\/strong> <\/a><\/h3>\n\n\t\t<\/div>\n\t<\/div>\n<\/div><\/div><\/div><div class=\"wpb_column vc_column_container vc_col-sm-3\"><div class=\"vc_column-inner\"><div class=\"wpb_wrapper\"><\/div><\/div><\/div><\/div><\/div><div class=\"vc-row-container container\"><div class=\"vc_row wpb_row vc_row-fluid\"><div class=\"wpb_column vc_column_container vc_col-sm-12\"><div class=\"vc_column-inner\"><div class=\"wpb_wrapper\">\n\t<div class=\"wpb_text_column wpb_content_element  post-formatting\" >\n\t\t<div class=\"wpb_wrapper\">\n\t\t\t\n\t\t<\/div>\n\t<\/div>\n<\/div><\/div><\/div><\/div><\/div><div class=\"vc-row-container container\"><div class=\"vc_row wpb_row vc_row-fluid\"><div class=\"wpb_column vc_column_container vc_col-sm-3\"><div class=\"vc_column-inner\"><div class=\"wpb_wrapper\"><\/div><\/div><\/div><div class=\"wpb_column vc_column_container vc_col-sm-6\"><div class=\"vc_column-inner\"><div class=\"wpb_wrapper\"><div class=\"section-title\">\n    <h2>Hotel Consulting<\/h2>\n<\/div>\n\t<div class=\"wpb_text_column wpb_content_element  post-formatting\" >\n\t\t<div class=\"wpb_wrapper\">\n\t\t\t<div class=\"flex flex-grow flex-col gap-3\">\n<div class=\"min-h-&#091;20px&#093; flex flex-col items-start gap-4 whitespace-pre-wrap\">\n<div class=\"markdown prose w-full break-words dark:prose-invert light\">\n<p class=\"translation-block\">As a hotel consultant, I am specialized in five areas of hotel consultation that are tailored to the needs and challenges of the hotel industry. One of my main competencies is reviewing the profitability of hotels and creating business plans. I analyze the revenues and expenses of your hotel and develop a strategy to increase the profitability and competitiveness of your hotel business.<\/p>\n<p class=\"translation-block\">Another focus of my consulting work is developing a unique concept for your hotel. I support and will help create a unique and authentic concept that will delight your guests and set you apart from the hospitality competition. Drawing on my many years of experience and know-how in conceptualizing hotels and gastronomy projects, I can assist you in achieving this goal.<\/p>\n<p class=\"translation-block\">Strengthening your brand and positioning it in the market is another key focus of my consulting services. I help you develop and position your brand to reach your target audience and establish your hotel in the market. Through targeted marketing &amp; sales strategies and professional brand development, I support you in making your hotel successful in the long term.<\/p>\n<p class=\"translation-block\">Optimizing the operational processes in your hotel is another important focus of my consulting. I help you improve the efficiency and quality of your processes and support management and staff in training and further education. Through professional process optimization, we increase the performance of your hotel and improve the guest experience.<\/p>\n<p class=\"translation-block\">As another focus of my consulting, I offer support in the area of hotel real estate (sales, rentals, leasing). With my broad network of contacts in the real estate industry, I can assist you with all questions regarding real estate acquisition or sale.<\/p>\n<p>Overall, as a hotel consultant, I offer comprehensive consulting services for hotels and gastronomy projects. With my wide range of services and experience, I stand by your side and support you in successfully positioning and developing your hotel. You can find all of my services here. <a href=\"https:\/\/hotelfritz.com\/en\/hotelberatung-dienstleistungen\/\">Hier finden Sie alle Dienstleistungen<\/a>.<\/p>\n<\/div>\n<\/div>\n<\/div>\n\n\t\t<\/div>\n\t<\/div>\n<div class=\"section-title\">\n    <h2>Awards for Creativity<\/h2>\n<\/div><div class=\"vc_row wpb_row vc_inner vc_row-fluid\"><div class=\"wpb_column vc_column_container vc_col-sm-4\"><div class=\"vc_column-inner\"><div class=\"wpb_wrapper\">\n\t<div  class=\"wpb_single_image wpb_content_element vc_align_left\">\n\t\t\n\t\t<figure class=\"wpb_wrapper vc_figure\">\n\t\t\t<div class=\"vc_single_image-wrapper   vc_box_border_grey\"><img loading=\"lazy\" decoding=\"async\" width=\"600\" height=\"400\" src=\"https:\/\/hotelfritz.com\/wp-content\/uploads\/2021\/11\/Awards-Hotel-Fritz-Creativity-Award-UNYCU.jpg\" class=\"vc_single_image-img attachment-full\" alt=\"\" title=\"Awards - Hotel Fritz - Creativity Award - UNYCU\" srcset=\"https:\/\/hotelfritz.com\/wp-content\/uploads\/2021\/11\/Awards-Hotel-Fritz-Creativity-Award-UNYCU.jpg 600w, https:\/\/hotelfritz.com\/wp-content\/uploads\/2021\/11\/Awards-Hotel-Fritz-Creativity-Award-UNYCU-300x200.jpg 300w, https:\/\/hotelfritz.com\/wp-content\/uploads\/2021\/11\/Awards-Hotel-Fritz-Creativity-Award-UNYCU-18x12.jpg 18w, https:\/\/hotelfritz.com\/wp-content\/uploads\/2021\/11\/Awards-Hotel-Fritz-Creativity-Award-UNYCU-558x372.jpg 558w\" sizes=\"auto, (max-width: 600px) 100vw, 600px\" \/><\/div>\n\t\t<\/figure>\n\t<\/div>\n<\/div><\/div><\/div><div class=\"wpb_column vc_column_container vc_col-sm-4\"><div class=\"vc_column-inner\"><div class=\"wpb_wrapper\">\n\t<div  class=\"wpb_single_image wpb_content_element vc_align_left\">\n\t\t\n\t\t<figure class=\"wpb_wrapper vc_figure\">\n\t\t\t<div class=\"vc_single_image-wrapper   vc_box_border_grey\"><img loading=\"lazy\" decoding=\"async\" width=\"600\" height=\"400\" src=\"https:\/\/hotelfritz.com\/wp-content\/uploads\/2021\/11\/Awards-Hotel-Fritz-German-Design-Award-UNYCU.jpg\" class=\"vc_single_image-img attachment-full\" alt=\"\" title=\"Awards - Hotel Fritz - German Design Award - UNYCU\" srcset=\"https:\/\/hotelfritz.com\/wp-content\/uploads\/2021\/11\/Awards-Hotel-Fritz-German-Design-Award-UNYCU.jpg 600w, https:\/\/hotelfritz.com\/wp-content\/uploads\/2021\/11\/Awards-Hotel-Fritz-German-Design-Award-UNYCU-300x200.jpg 300w, https:\/\/hotelfritz.com\/wp-content\/uploads\/2021\/11\/Awards-Hotel-Fritz-German-Design-Award-UNYCU-18x12.jpg 18w, https:\/\/hotelfritz.com\/wp-content\/uploads\/2021\/11\/Awards-Hotel-Fritz-German-Design-Award-UNYCU-558x372.jpg 558w\" sizes=\"auto, (max-width: 600px) 100vw, 600px\" \/><\/div>\n\t\t<\/figure>\n\t<\/div>\n<\/div><\/div><\/div><div class=\"wpb_column vc_column_container vc_col-sm-4\"><div class=\"vc_column-inner\"><div class=\"wpb_wrapper\">\n\t<div  class=\"wpb_single_image wpb_content_element vc_align_left\">\n\t\t\n\t\t<figure class=\"wpb_wrapper vc_figure\">\n\t\t\t<div class=\"vc_single_image-wrapper   vc_box_border_grey\"><img loading=\"lazy\" decoding=\"async\" width=\"600\" height=\"400\" src=\"https:\/\/hotelfritz.com\/wp-content\/uploads\/2021\/11\/Awards-Hotel-Fritz-Media-Award-UNYCU.jpg\" class=\"vc_single_image-img attachment-full\" alt=\"\" title=\"Awards - Hotel Fritz - Media Award - UNYCU\" srcset=\"https:\/\/hotelfritz.com\/wp-content\/uploads\/2021\/11\/Awards-Hotel-Fritz-Media-Award-UNYCU.jpg 600w, https:\/\/hotelfritz.com\/wp-content\/uploads\/2021\/11\/Awards-Hotel-Fritz-Media-Award-UNYCU-300x200.jpg 300w, https:\/\/hotelfritz.com\/wp-content\/uploads\/2021\/11\/Awards-Hotel-Fritz-Media-Award-UNYCU-18x12.jpg 18w, https:\/\/hotelfritz.com\/wp-content\/uploads\/2021\/11\/Awards-Hotel-Fritz-Media-Award-UNYCU-558x372.jpg 558w\" sizes=\"auto, (max-width: 600px) 100vw, 600px\" \/><\/div>\n\t\t<\/figure>\n\t<\/div>\n<\/div><\/div><\/div><\/div><\/div><\/div><\/div><div class=\"wpb_column vc_column_container vc_col-sm-3\"><div class=\"vc_column-inner\"><div class=\"wpb_wrapper\"><\/div><\/div><\/div><\/div><\/div><div class=\"vc-row-container container\"><div class=\"vc_row wpb_row vc_row-fluid\"><div class=\"wpb_column vc_column_container vc_col-sm-12\"><div class=\"vc_column-inner\"><div class=\"wpb_wrapper\">\n\t<div class=\"wpb_text_column wpb_content_element  post-formatting\" >\n\t\t<div class=\"wpb_wrapper\">\n\t\t\t\n\t\t<\/div>\n\t<\/div>\n<\/div><\/div><\/div><\/div><\/div>\n<\/section>","protected":false},"excerpt":{"rendered":"Hotel Consulting f\u00fcr nachhaltigen Erfolg Johannes Fritz Groebler - Hotel Consultant Unser Hotel Consulting Service zielt darauf ab, Ihre Gesch\u00e4ftsergebnisse zu verbessern und nachhaltigen Erfolg zu gew\u00e4hrleisten. Bei Hotel Fritz Consulting bieten wir Ihnen umfassende Unterst\u00fctzung, um Ihre Ziele zu erreichen und Ihr Hotelgesch\u00e4ft auf das n\u00e4chste Level zu bringen. Strategische Planung und Umsetzung Unser&hellip;","protected":false},"author":1,"featured_media":6675,"parent":0,"menu_order":0,"comment_status":"open","ping_status":"closed","template":"","meta":{"footnotes":""},"class_list":["post-7283","page","type-page","status-publish","has-post-thumbnail","hentry"],"acf":[],"yoast_head":"<!-- This site is optimized with the Yoast SEO plugin v27.5 - https:\/\/yoast.com\/product\/yoast-seo-wordpress\/ -->\n<title>Hotel Consulting f\u00fcr nachhaltigen Erfolg<\/title>\n<meta name=\"description\" content=\"Unser Hotel Consulting Service zielt darauf ab, Ihre Gesch\u00e4ftsergebnisse zu verbessern und nachhaltigen Erfolg zu gew\u00e4hrleisten. Bei Hotel Fritz Consulting bieten wir Ihnen umfassende Unterst\u00fctzung, um Ihre Ziele zu erreichen und Ihr Hotelgesch\u00e4ft auf das n\u00e4chste Level zu bringen.\" \/>\n<meta name=\"robots\" content=\"index, follow, max-snippet:-1, max-image-preview:large, max-video-preview:-1\" \/>\n<link rel=\"canonical\" href=\"https:\/\/hotelfritz.com\/en\/hotelconsulting-hotelberatung-hotelconsultant-consultinghotels\/\" \/>\n<meta property=\"og:locale\" content=\"en_US\" \/>\n<meta property=\"og:type\" content=\"article\" \/>\n<meta property=\"og:title\" content=\"Hotel Consulting f\u00fcr nachhaltigen Erfolg\" \/>\n<meta property=\"og:description\" content=\"Unser Hotel Consulting Service zielt darauf ab, Ihre Gesch\u00e4ftsergebnisse zu verbessern und nachhaltigen Erfolg zu gew\u00e4hrleisten. Bei Hotel Fritz Consulting bieten wir Ihnen umfassende Unterst\u00fctzung, um Ihre Ziele zu erreichen und Ihr Hotelgesch\u00e4ft auf das n\u00e4chste Level zu bringen.\" \/>\n<meta property=\"og:url\" content=\"https:\/\/hotelfritz.com\/en\/hotelconsulting-hotelberatung-hotelconsultant-consultinghotels\/\" \/>\n<meta property=\"og:site_name\" content=\"Hotel Consulting - Hotelberatung Johannes Fritz Groebler\" \/>\n<meta property=\"article:publisher\" content=\"https:\/\/www.facebook.com\/johannes.f.groebler\" \/>\n<meta property=\"og:image\" content=\"https:\/\/hotelfritz.com\/wp-content\/uploads\/2023\/04\/Hotelberatung-Hotelberater-Consulting-Johannes-Fritz-Groebler.jpg\" \/>\n\t<meta property=\"og:image:width\" content=\"1637\" \/>\n\t<meta property=\"og:image:height\" content=\"1636\" \/>\n\t<meta property=\"og:image:type\" content=\"image\/jpeg\" \/>\n<meta name=\"twitter:card\" content=\"summary_large_image\" \/>\n<meta name=\"twitter:site\" content=\"@Hotel_Fritz\" \/>\n<meta name=\"twitter:label1\" content=\"Est. reading time\" \/>\n\t<meta name=\"twitter:data1\" content=\"4 minutes\" \/>\n<!-- \/ Yoast SEO plugin. -->","yoast_head_json":{"title":"Hotel Consulting f\u00fcr nachhaltigen Erfolg","description":"Unser Hotel Consulting Service zielt darauf ab, Ihre Gesch\u00e4ftsergebnisse zu verbessern und nachhaltigen Erfolg zu gew\u00e4hrleisten. Bei Hotel Fritz Consulting bieten wir Ihnen umfassende Unterst\u00fctzung, um Ihre Ziele zu erreichen und Ihr Hotelgesch\u00e4ft auf das n\u00e4chste Level zu bringen.","robots":{"index":"index","follow":"follow","max-snippet":"max-snippet:-1","max-image-preview":"max-image-preview:large","max-video-preview":"max-video-preview:-1"},"canonical":"https:\/\/hotelfritz.com\/en\/hotelconsulting-hotelberatung-hotelconsultant-consultinghotels\/","og_locale":"en_US","og_type":"article","og_title":"Hotel Consulting f\u00fcr nachhaltigen Erfolg","og_description":"Unser Hotel Consulting Service zielt darauf ab, Ihre Gesch\u00e4ftsergebnisse zu verbessern und nachhaltigen Erfolg zu gew\u00e4hrleisten. Bei Hotel Fritz Consulting bieten wir Ihnen umfassende Unterst\u00fctzung, um Ihre Ziele zu erreichen und Ihr Hotelgesch\u00e4ft auf das n\u00e4chste Level zu bringen.","og_url":"https:\/\/hotelfritz.com\/en\/hotelconsulting-hotelberatung-hotelconsultant-consultinghotels\/","og_site_name":"Hotel Consulting - Hotelberatung Johannes Fritz Groebler","article_publisher":"https:\/\/www.facebook.com\/johannes.f.groebler","og_image":[{"width":1637,"height":1636,"url":"https:\/\/hotelfritz.com\/wp-content\/uploads\/2023\/04\/Hotelberatung-Hotelberater-Consulting-Johannes-Fritz-Groebler.jpg","type":"image\/jpeg"}],"twitter_card":"summary_large_image","twitter_site":"@Hotel_Fritz","twitter_misc":{"Est. reading time":"4 minutes"},"schema":{"@context":"https:\/\/schema.org","@graph":[{"@type":"WebPage","@id":"https:\/\/hotelfritz.com\/hotelconsulting-hotelberatung-hotelconsultant-consultinghotels\/","url":"https:\/\/hotelfritz.com\/hotelconsulting-hotelberatung-hotelconsultant-consultinghotels\/","name":"Hotel Consulting f\u00fcr nachhaltigen Erfolg","isPartOf":{"@id":"https:\/\/hotelfritz.com\/#website"},"primaryImageOfPage":{"@id":"https:\/\/hotelfritz.com\/hotelconsulting-hotelberatung-hotelconsultant-consultinghotels\/#primaryimage"},"image":{"@id":"https:\/\/hotelfritz.com\/hotelconsulting-hotelberatung-hotelconsultant-consultinghotels\/#primaryimage"},"thumbnailUrl":"https:\/\/hotelfritz.com\/wp-content\/uploads\/2023\/04\/Hotelberatung-Hotelberater-Consulting-Johannes-Fritz-Groebler.jpg","datePublished":"2024-07-01T10:06:42+00:00","dateModified":"2025-11-11T19:42:34+00:00","description":"Unser Hotel Consulting Service zielt darauf ab, Ihre Gesch\u00e4ftsergebnisse zu verbessern und nachhaltigen Erfolg zu gew\u00e4hrleisten. Bei Hotel Fritz Consulting bieten wir Ihnen umfassende Unterst\u00fctzung, um Ihre Ziele zu erreichen und Ihr Hotelgesch\u00e4ft auf das n\u00e4chste Level zu bringen.","breadcrumb":{"@id":"https:\/\/hotelfritz.com\/hotelconsulting-hotelberatung-hotelconsultant-consultinghotels\/#breadcrumb"},"inLanguage":"en-US","potentialAction":[{"@type":"ReadAction","target":["https:\/\/hotelfritz.com\/hotelconsulting-hotelberatung-hotelconsultant-consultinghotels\/"]}]},{"@type":"ImageObject","inLanguage":"en-US","@id":"https:\/\/hotelfritz.com\/hotelconsulting-hotelberatung-hotelconsultant-consultinghotels\/#primaryimage","url":"https:\/\/hotelfritz.com\/wp-content\/uploads\/2023\/04\/Hotelberatung-Hotelberater-Consulting-Johannes-Fritz-Groebler.jpg","contentUrl":"https:\/\/hotelfritz.com\/wp-content\/uploads\/2023\/04\/Hotelberatung-Hotelberater-Consulting-Johannes-Fritz-Groebler.jpg","width":1637,"height":1636},{"@type":"BreadcrumbList","@id":"https:\/\/hotelfritz.com\/hotelconsulting-hotelberatung-hotelconsultant-consultinghotels\/#breadcrumb","itemListElement":[{"@type":"ListItem","position":1,"name":"Home","item":"https:\/\/hotelfritz.com\/"},{"@type":"ListItem","position":2,"name":"Hotel Consulting &#8211; Johannes Fritz Groebler"}]},{"@type":"WebSite","@id":"https:\/\/hotelfritz.com\/#website","url":"https:\/\/hotelfritz.com\/","name":"Hotel Consulting - Hotelberatung Johannes Fritz Groebler","description":"hotelfritz.com","publisher":{"@id":"https:\/\/hotelfritz.com\/#organization"},"potentialAction":[{"@type":"SearchAction","target":{"@type":"EntryPoint","urlTemplate":"https:\/\/hotelfritz.com\/?s={search_term_string}"},"query-input":{"@type":"PropertyValueSpecification","valueRequired":true,"valueName":"search_term_string"}}],"inLanguage":"en-US"},{"@type":"Organization","@id":"https:\/\/hotelfritz.com\/#organization","name":"Hotel Fritz","url":"https:\/\/hotelfritz.com\/","logo":{"@type":"ImageObject","inLanguage":"en-US","@id":"https:\/\/hotelfritz.com\/#\/schema\/logo\/image\/","url":"https:\/\/hotelfritz.com\/wp-content\/uploads\/2021\/07\/logo-hotel-fritz-black.png","contentUrl":"https:\/\/hotelfritz.com\/wp-content\/uploads\/2021\/07\/logo-hotel-fritz-black.png","width":379,"height":60,"caption":"Hotel Fritz"},"image":{"@id":"https:\/\/hotelfritz.com\/#\/schema\/logo\/image\/"},"sameAs":["https:\/\/www.facebook.com\/johannes.f.groebler","https:\/\/x.com\/Hotel_Fritz","https:\/\/www.instagram.com\/hotelfritz_\/","https:\/\/www.pinterest.de\/JohannesFritzGroebler\/","https:\/\/www.linkedin.com\/in\/johannesgroebler\/","https:\/\/www.youtube.com\/channel\/UCTBxv_KtziYqXWm2a9DEjDA"]}]}},"_links":{"self":[{"href":"https:\/\/hotelfritz.com\/en\/wp-json\/wp\/v2\/pages\/7283","targetHints":{"allow":["GET"]}}],"collection":[{"href":"https:\/\/hotelfritz.com\/en\/wp-json\/wp\/v2\/pages"}],"about":[{"href":"https:\/\/hotelfritz.com\/en\/wp-json\/wp\/v2\/types\/page"}],"author":[{"embeddable":true,"href":"https:\/\/hotelfritz.com\/en\/wp-json\/wp\/v2\/users\/1"}],"replies":[{"embeddable":true,"href":"https:\/\/hotelfritz.com\/en\/wp-json\/wp\/v2\/comments?post=7283"}],"version-history":[{"count":3,"href":"https:\/\/hotelfritz.com\/en\/wp-json\/wp\/v2\/pages\/7283\/revisions"}],"predecessor-version":[{"id":7495,"href":"https:\/\/hotelfritz.com\/en\/wp-json\/wp\/v2\/pages\/7283\/revisions\/7495"}],"wp:featuredmedia":[{"embeddable":true,"href":"https:\/\/hotelfritz.com\/en\/wp-json\/wp\/v2\/media\/6675"}],"wp:attachment":[{"href":"https:\/\/hotelfritz.com\/en\/wp-json\/wp\/v2\/media?parent=7283"}],"curies":[{"name":"wp","href":"https:\/\/api.w.org\/{rel}","templated":true}]}}