{"id":7029,"date":"2023-12-10T15:26:14","date_gmt":"2023-12-10T15:26:14","guid":{"rendered":"https:\/\/hotelfritz.com\/?page_id=7029"},"modified":"2024-02-12T15:00:40","modified_gmt":"2024-02-12T15:00:40","slug":"shop-versand-zahlung","status":"publish","type":"page","link":"https:\/\/hotelfritz.com\/en\/shop-versand-zahlung\/","title":{"rendered":"Versand &#038; Zahlung"},"content":{"rendered":"<section class=\"wpb-content-wrapper\"><div class=\"vc-row-container container\"><div class=\"vc_row wpb_row vc_row-fluid\"><div class=\"wpb_column vc_column_container vc_col-sm-2\"><div class=\"vc_column-inner\"><div class=\"wpb_wrapper\"><\/div><\/div><\/div><div class=\"wpb_column vc_column_container vc_col-sm-8\"><div class=\"vc_column-inner\"><div class=\"wpb_wrapper\"><div class=\"section-title\">\n    <h2>Versand &amp; Zahlung<\/h2>\n<p>F\u00fcr den Hotel Fritz Online-Shop <\/p>\n<\/div>\n\t<div class=\"wpb_text_column wpb_content_element  post-formatting\" >\n\t\t<div class=\"wpb_wrapper\">\n\t\t\t<p><strong>Versandkosten<\/strong><\/p>\n<p>Lieferungen sind zurzeit nur an Lieferadressen in Deutschland m\u00f6glich. Die Lieferung erfolgt ausschlie\u00dflich mit DHL. Dabei kann jedoch keine Lieferung an Packstationen erfolgen. Bei diversen Artikeln bieten wir verg\u00fcnstigte Versandkosten an. In der Regel gilt jedoch bei <strong>Lieferungen innerhalb Deutschlands: 5,99 \u20ac<\/strong><\/p>\n<p><strong>Mehrwertsteuer<\/strong><br \/>\nDie auf den Produktseiten genannten Preise enthalten die gesetzliche Mehrwertsteuer und sonstige Preisbestandteile.<\/p>\n<p><strong>Versandkosten digitale Produkte und Beratungsdienstleistungen<\/strong><br \/>\nF\u00fcr digitale Produkte, Download-Produkte (digitale Inhalte, die nicht auf einem k\u00f6rperlichen Datentr\u00e4ger geliefert werden) und unsere Beratungsdienstleistungen fallen <strong>keine Versandkosten<\/strong> an. Nach dem Kauf oder der Buchung eines Services erhalten Sie umgehend Zugang zu Ihren digitalen Inhalten oder weiterf\u00fchrende Informationen zu Ihrer Beratungsdienstleistung \u2013 schnell, effizient und ohne zus\u00e4tzliche Kosten.<\/p>\n<p><strong>Lieferfristen<\/strong><br \/>\nSoweit im jeweiligen Angebot keine andere Frist angegeben ist, erfolgt die Lieferung der Ware im Inland (Deutschland) innerhalb von 2-5 Tagen, bei Auslandslieferungen innerhalb von 3-8 Tagen nach Vertragsschluss (bei vereinbarter Vorauszahlung nach dem Zeitpunkt Ihrer Zahlungsanweisung). Beachten Sie, dass an Sonn- und Feiertagen keine Zustellung erfolgt. Haben Sie Artikel mit unterschiedlichen Lieferzeiten bestellt, versenden wir die Ware in einer gemeinsamen Sendung, sofern wir keine abweichenden Vereinbarungen mit Ihnen getroffen haben. Die Lieferzeit bestimmt sich in diesem Fall nach dem Artikel mit der l\u00e4ngsten Lieferzeit den Sie bestellt haben.<\/p>\n<p><strong>Zahlung &amp; angebotene Zahlungsarten<\/strong><br \/>\nWir bieten sowohl die Bezahlung per <strong>Kreditkarte<\/strong> als auch per <strong>PayPal<\/strong> an. W\u00e4hlen Sie im Bestellprozess eine der Zahlungsm\u00f6glichkeiten aus.<\/p>\n<p>Wir sind stets bem\u00fcht, Ihnen einen exzellenten Service zu bieten \u2013 ganz gleich, ob Sie ein physisches Produkt erwerben, Beratungsdienstleistungen oder unsere digitalen Angebote nutzen.<\/p>\n\n\t\t<\/div>\n\t<\/div>\n<\/div><\/div><\/div><div class=\"wpb_column vc_column_container vc_col-sm-2\"><div class=\"vc_column-inner\"><div class=\"wpb_wrapper\"><\/div><\/div><\/div><\/div><\/div><div class=\"vc-row-container container\"><div class=\"vc_row wpb_row vc_row-fluid\"><div class=\"wpb_column vc_column_container vc_col-sm-12\"><div class=\"vc_column-inner\"><div class=\"wpb_wrapper\"><\/div><\/div><\/div><\/div><\/div>\n<\/section>","protected":false},"excerpt":{"rendered":"Versand &amp; Zahlung F\u00fcr den Hotel Fritz Online-Shop Versandkosten Lieferungen sind zurzeit nur an Lieferadressen in Deutschland m\u00f6glich. Die Lieferung erfolgt ausschlie\u00dflich mit DHL. Dabei kann jedoch keine Lieferung an Packstationen erfolgen. Bei diversen Artikeln bieten wir verg\u00fcnstigte Versandkosten an. In der Regel gilt jedoch bei Lieferungen innerhalb Deutschlands: 5,99 \u20ac Mehrwertsteuer Die auf den&hellip;","protected":false},"author":1,"featured_media":0,"parent":0,"menu_order":0,"comment_status":"closed","ping_status":"closed","template":"","meta":{"footnotes":""},"class_list":["post-7029","page","type-page","status-publish","hentry"],"acf":[],"yoast_head":"<!-- This site is optimized with the Yoast SEO plugin v27.5 - https:\/\/yoast.com\/product\/yoast-seo-wordpress\/ -->\n<title>Versand &amp; Zahlung | Hotel Consulting - Hotelberatung Johannes Fritz Groebler<\/title>\n<meta name=\"description\" content=\"Ich biete Ihnen individuelle Beratungsl\u00f6sungen f\u00fcr Ihren Erfolg! Professionelle Beratung ist immer eine wertvolle Investition in die Zukunft.\" \/>\n<meta name=\"robots\" content=\"index, follow, max-snippet:-1, max-image-preview:large, max-video-preview:-1\" \/>\n<link rel=\"canonical\" href=\"https:\/\/hotelfritz.com\/en\/shop-versand-zahlung\/\" \/>\n<meta property=\"og:locale\" content=\"en_US\" \/>\n<meta property=\"og:type\" content=\"article\" \/>\n<meta property=\"og:title\" content=\"Versand &amp; Zahlung | Hotel Consulting - Hotelberatung Johannes Fritz Groebler\" \/>\n<meta property=\"og:description\" content=\"Ich biete Ihnen individuelle Beratungsl\u00f6sungen f\u00fcr Ihren Erfolg! Professionelle Beratung ist immer eine wertvolle Investition in die Zukunft.\" \/>\n<meta property=\"og:url\" content=\"https:\/\/hotelfritz.com\/en\/shop-versand-zahlung\/\" \/>\n<meta property=\"og:site_name\" content=\"Hotel Consulting - Hotelberatung Johannes Fritz Groebler\" \/>\n<meta property=\"article:publisher\" content=\"https:\/\/www.facebook.com\/johannes.f.groebler\" \/>\n<meta name=\"twitter:card\" content=\"summary_large_image\" \/>\n<meta name=\"twitter:site\" content=\"@Hotel_Fritz\" \/>\n<meta name=\"twitter:label1\" content=\"Est. reading time\" \/>\n\t<meta name=\"twitter:data1\" content=\"2 minutes\" \/>\n<!-- \/ Yoast SEO plugin. -->","yoast_head_json":{"title":"Versand & Zahlung | Hotel Consulting - Hotelberatung Johannes Fritz Groebler","description":"Ich biete Ihnen individuelle Beratungsl\u00f6sungen f\u00fcr Ihren Erfolg! Professionelle Beratung ist immer eine wertvolle Investition in die Zukunft.","robots":{"index":"index","follow":"follow","max-snippet":"max-snippet:-1","max-image-preview":"max-image-preview:large","max-video-preview":"max-video-preview:-1"},"canonical":"https:\/\/hotelfritz.com\/en\/shop-versand-zahlung\/","og_locale":"en_US","og_type":"article","og_title":"Versand & Zahlung | Hotel Consulting - Hotelberatung Johannes Fritz Groebler","og_description":"Ich biete Ihnen individuelle Beratungsl\u00f6sungen f\u00fcr Ihren Erfolg! Professionelle Beratung ist immer eine wertvolle Investition in die Zukunft.","og_url":"https:\/\/hotelfritz.com\/en\/shop-versand-zahlung\/","og_site_name":"Hotel Consulting - Hotelberatung Johannes Fritz Groebler","article_publisher":"https:\/\/www.facebook.com\/johannes.f.groebler","twitter_card":"summary_large_image","twitter_site":"@Hotel_Fritz","twitter_misc":{"Est. reading time":"2 minutes"},"schema":{"@context":"https:\/\/schema.org","@graph":[{"@type":"WebPage","@id":"https:\/\/hotelfritz.com\/shop-versand-zahlung\/","url":"https:\/\/hotelfritz.com\/shop-versand-zahlung\/","name":"Versand & Zahlung | Hotel Consulting - Hotelberatung Johannes Fritz Groebler","isPartOf":{"@id":"https:\/\/hotelfritz.com\/#website"},"datePublished":"2023-12-10T15:26:14+00:00","dateModified":"2024-02-12T15:00:40+00:00","description":"Ich biete Ihnen individuelle Beratungsl\u00f6sungen f\u00fcr Ihren Erfolg! Professionelle Beratung ist immer eine wertvolle Investition in die Zukunft.","breadcrumb":{"@id":"https:\/\/hotelfritz.com\/shop-versand-zahlung\/#breadcrumb"},"inLanguage":"en-US","potentialAction":[{"@type":"ReadAction","target":["https:\/\/hotelfritz.com\/shop-versand-zahlung\/"]}]},{"@type":"BreadcrumbList","@id":"https:\/\/hotelfritz.com\/shop-versand-zahlung\/#breadcrumb","itemListElement":[{"@type":"ListItem","position":1,"name":"Home","item":"https:\/\/hotelfritz.com\/"},{"@type":"ListItem","position":2,"name":"Versand &#038; Zahlung"}]},{"@type":"WebSite","@id":"https:\/\/hotelfritz.com\/#website","url":"https:\/\/hotelfritz.com\/","name":"Hotel Consulting - Hotelberatung Johannes Fritz Groebler","description":"hotelfritz.com","publisher":{"@id":"https:\/\/hotelfritz.com\/#organization"},"potentialAction":[{"@type":"SearchAction","target":{"@type":"EntryPoint","urlTemplate":"https:\/\/hotelfritz.com\/?s={search_term_string}"},"query-input":{"@type":"PropertyValueSpecification","valueRequired":true,"valueName":"search_term_string"}}],"inLanguage":"en-US"},{"@type":"Organization","@id":"https:\/\/hotelfritz.com\/#organization","name":"Hotel Fritz","url":"https:\/\/hotelfritz.com\/","logo":{"@type":"ImageObject","inLanguage":"en-US","@id":"https:\/\/hotelfritz.com\/#\/schema\/logo\/image\/","url":"https:\/\/hotelfritz.com\/wp-content\/uploads\/2021\/07\/logo-hotel-fritz-black.png","contentUrl":"https:\/\/hotelfritz.com\/wp-content\/uploads\/2021\/07\/logo-hotel-fritz-black.png","width":379,"height":60,"caption":"Hotel Fritz"},"image":{"@id":"https:\/\/hotelfritz.com\/#\/schema\/logo\/image\/"},"sameAs":["https:\/\/www.facebook.com\/johannes.f.groebler","https:\/\/x.com\/Hotel_Fritz","https:\/\/www.instagram.com\/hotelfritz_\/","https:\/\/www.pinterest.de\/JohannesFritzGroebler\/","https:\/\/www.linkedin.com\/in\/johannesgroebler\/","https:\/\/www.youtube.com\/channel\/UCTBxv_KtziYqXWm2a9DEjDA"]}]}},"_links":{"self":[{"href":"https:\/\/hotelfritz.com\/en\/wp-json\/wp\/v2\/pages\/7029","targetHints":{"allow":["GET"]}}],"collection":[{"href":"https:\/\/hotelfritz.com\/en\/wp-json\/wp\/v2\/pages"}],"about":[{"href":"https:\/\/hotelfritz.com\/en\/wp-json\/wp\/v2\/types\/page"}],"author":[{"embeddable":true,"href":"https:\/\/hotelfritz.com\/en\/wp-json\/wp\/v2\/users\/1"}],"replies":[{"embeddable":true,"href":"https:\/\/hotelfritz.com\/en\/wp-json\/wp\/v2\/comments?post=7029"}],"version-history":[{"count":5,"href":"https:\/\/hotelfritz.com\/en\/wp-json\/wp\/v2\/pages\/7029\/revisions"}],"predecessor-version":[{"id":7223,"href":"https:\/\/hotelfritz.com\/en\/wp-json\/wp\/v2\/pages\/7029\/revisions\/7223"}],"wp:attachment":[{"href":"https:\/\/hotelfritz.com\/en\/wp-json\/wp\/v2\/media?parent=7029"}],"curies":[{"name":"wp","href":"https:\/\/api.w.org\/{rel}","templated":true}]}}