{"id":6912,"date":"2023-07-27T19:20:28","date_gmt":"2023-07-27T19:20:28","guid":{"rendered":"https:\/\/hotelfritz.com\/?page_id=6912"},"modified":"2023-07-28T07:38:22","modified_gmt":"2023-07-28T07:38:22","slug":"referenzen","status":"publish","type":"page","link":"https:\/\/hotelfritz.com\/en\/referenzen\/","title":{"rendered":"References"},"content":{"rendered":"<section class=\"wpb-content-wrapper\"><div class=\"vc-row-container container\"><div class=\"vc_row wpb_row vc_row-fluid\"><div class=\"wpb_column vc_column_container vc_col-sm-2\"><div class=\"vc_column-inner\"><div class=\"wpb_wrapper\"><\/div><\/div><\/div><div class=\"wpb_column vc_column_container vc_col-sm-8\"><div class=\"vc_column-inner\"><div class=\"wpb_wrapper\"><div class=\"section-title\">\n    <h2>References<\/h2>\n<p>As experts in the hotel industry, we offer a comprehensive range of hotel consulting services specifically tailored to the needs and challenges of your hotel or hotel project. One of our main concerns is a thorough examination of the economic viability and business plans to ensure your hotel achieves long-term economic success.<\/p>\n<p>We focus on developing customized consulting solutions that precisely address your specific challenges and needs. Our goal is to enhance your competitiveness and help you achieve the best results for your hotel or hotel project. Below, you will find a selection of our successfully completed projects and references:<\/p>\n<\/div>\n\t<div class=\"wpb_text_column wpb_content_element  post-formatting\" >\n\t\t<div class=\"wpb_wrapper\">\n\t\t\t\n\t\t<\/div>\n\t<\/div>\n\n\t<div class=\"wpb_text_column wpb_content_element  post-formatting\" >\n\t\t<div class=\"wpb_wrapper\">\n\t\t\t<p style=\"text-align: left;\"><strong>Feasibility Study<\/strong><\/p>\n<p style=\"text-align: left;\">Successful consultation for an investor in a hotel project in the Berlin area. Hotel concept development, hotel planning, consultation on hotel investment, and operator search.<\/p>\n<p>&nbsp;<\/p>\n<p style=\"text-align: left;\"><strong>Hotelbetreiber akquirieren<\/strong><\/p>\n<p style=\"text-align: left;\">Consultation for an investor and successful acquisition of a hotel operator for a hotel property with over 100 rooms in Berlin.<\/p>\n<p>&nbsp;<\/p>\n<p style=\"text-align: left;\"><strong>Hotel Positioning<\/strong><\/p>\n<p style=\"text-align: left;\">Consultation for a hotel operator and support for the grand opening. Strategic hotel planning for a successful market entry and hotel positioning in Mecklenburg-Vorpommern - Germany.<\/p>\n<p>&nbsp;<\/p>\n<p style=\"text-align: left;\"><strong>Concept Realignment and Potential Analysis<\/strong><\/p>\n<p style=\"text-align: left;\">Consultation for an investor regarding the concept and realignment of a 5-star hotel in the Area of Salzburger Land, Austria.<\/p>\n<p>&nbsp;<\/p>\n<p style=\"text-align: left;\"><strong>Feasibility Study \/ Plausibility Check<\/strong><\/p>\n<p style=\"text-align: left;\">Assistance for an investor and preparation of a feasibility study for a 55-room hotel with concept development and market study in Spain.<\/p>\n<p>&nbsp;<\/p>\n<p style=\"text-align: left;\"><strong>Concept Review \/ Feasibility Study<\/strong><\/p>\n<p style=\"text-align: left;\">Consultation for investors regarding a new hotel investment and an innovative hotel concept in Mecklenburg-Vorpommern - Germany.<\/p>\n<p>&nbsp;<\/p>\n<p style=\"text-align: left;\"><strong>Hotel Purchase <\/strong><\/p>\n<p style=\"text-align: left;\">Consulting services for the intended purchase of a boutique hotel with 50-60 rooms in Spain.<\/p>\n<p>&nbsp;<\/p>\n<p style=\"text-align: left;\"><strong>Hotel sales - Property sales <\/strong><\/p>\n<p style=\"text-align: left;\">Consultation for the owner and operator change during the sale of the hotel and generational transition in the Palatinate region.<\/p>\n<p>&nbsp;<\/p>\n<p style=\"text-align: left;\"><strong>Hotel Concept Development<\/strong><\/p>\n<p style=\"text-align: left;\">Development of a boutique hotel and gastronomy concept, including investor consultation, support during the renovation phase, and team assembly in Baden-W\u00fcrttemberg - Germany.<\/p>\n<p>&nbsp;<\/p>\n<p style=\"text-align: left;\"><strong>Core Renovation, Remodeling, and Concept-Creation<\/strong><\/p>\n<p style=\"text-align: left;\">Consultation for an investor and preparation of a gastronomy concept for an exclusive, listed property in Baden-W\u00fcrttemberg. Conducting a feasibility study and determining personnel, income, and expenses.<\/p>\n<p>&nbsp;<\/p>\n<p style=\"text-align: left;\"><strong>Feasibility Study \/ Plausibility Check<\/strong><\/p>\n<p style=\"text-align: left;\">Consultation for an investor for the conversion of a property into a hotel building in North Rhine-Westphalia. Determination of costs and preparation of a feasibility study and plausibility check.<\/p>\n<p>&nbsp;<\/p>\n<p style=\"text-align: left;\"><strong>Repositioning \/ Hotel Marketing<\/strong><\/p>\n<p style=\"text-align: left;\">Consultation for hotel management to realign and reposition the hotel for better occupancy rates and average room rates in Mecklenburg-Vorpommern - Germany.<\/p>\n<p>&nbsp;<\/p>\n<p style=\"text-align: left;\"><strong>Investor Consultation<\/strong><\/p>\n<p style=\"text-align: left;\">Consultation for investors for a 5-star hotel project in Spain. Preparation of a business plan considering travel trends, target groups, and tourism developments in Spain and Europe.<\/p>\n<p>&nbsp;<\/p>\n<p style=\"text-align: left;\"><strong>Long-stay Hotel Concept<\/strong><\/p>\n<p style=\"text-align: left;\">Support for a hotel project and consultation for hotel investors regarding the overall concept. Preparation of the business plan and feasibility study in Baden-W\u00fcrttemberg.<\/p>\n<p>&nbsp;<\/p>\n<p>&nbsp;<\/p>\n<p style=\"text-align: left;\">These projects showcase our broad spectrum of services and expertise in hotel consulting. We look forward to assisting you with the implementation of your hotel projects and goals. Please don't hesitate to contact us: <a href=\"mailto:hello@hotelfritz.com\"><strong>hello@hotelfritz.com<\/strong><\/a><\/p>\n\n\t\t<\/div>\n\t<\/div>\n<a href=\"https:\/\/calendly.com\/hotelfritz\/10-15min\" title=\"Get in contact with me\" target=\"_blank\" class=\"laborator-btn btn btn-index-1 btn-type-fliphover  btn-type-outlined btn-black btn-large\">Make an appointment<\/a>\n<\/div><\/div><\/div><div class=\"wpb_column vc_column_container vc_col-sm-2\"><div class=\"vc_column-inner\"><div class=\"wpb_wrapper\"><\/div><\/div><\/div><\/div><\/div><div class=\"vc-row-container container\"><div class=\"vc_row wpb_row vc_row-fluid\"><div class=\"wpb_column vc_column_container vc_col-sm-12\"><div class=\"vc_column-inner\"><div class=\"wpb_wrapper\">\n\t<div class=\"wpb_text_column wpb_content_element  post-formatting\" >\n\t\t<div class=\"wpb_wrapper\">\n\t\t\t\n\t\t<\/div>\n\t<\/div>\n<\/div><\/div><\/div><\/div><\/div>\n<\/section>","protected":false},"excerpt":{"rendered":"Referenzen Als Experten f\u00fcr die Hotellerie bieten wir Ihnen eine umfassende Palette von Dienstleistungen, die speziell auf die Bed\u00fcrfnisse und Herausforderungen Ihres Hotels zugeschnitten sind. Eines unserer wichtigsten Anliegen ist die gr\u00fcndliche Pr\u00fcfung von Wirtschaftlichkeit und Businesspl\u00e4nen, um sicherzustellen, dass Ihr Hotel langfristig wirtschaftlichen Erfolg verzeichnet. Wir sind darauf fokussiert, ma\u00dfgeschneiderte L\u00f6sungen zu entwickeln, die&hellip;","protected":false},"author":1,"featured_media":0,"parent":0,"menu_order":0,"comment_status":"closed","ping_status":"closed","template":"","meta":{"footnotes":""},"class_list":["post-6912","page","type-page","status-publish","hentry"],"acf":[],"yoast_head":"<!-- This site is optimized with the Yoast SEO plugin v27.3 - https:\/\/yoast.com\/product\/yoast-seo-wordpress\/ -->\n<title>Referenzen | Hotel Consulting - Hotelberatung Johannes Fritz Groebler<\/title>\n<meta name=\"description\" content=\"Auf der Suche nach einer professionellen Hotelberatung? Ich biete Ihnen individuelle Beratungsl\u00f6sungen f\u00fcr Ihren Erfolg zum Festpreis!\" \/>\n<meta name=\"robots\" content=\"index, follow, max-snippet:-1, max-image-preview:large, max-video-preview:-1\" \/>\n<link rel=\"canonical\" href=\"https:\/\/hotelfritz.com\/en\/referenzen\/\" \/>\n<meta property=\"og:locale\" content=\"en_US\" \/>\n<meta property=\"og:type\" content=\"article\" \/>\n<meta property=\"og:title\" content=\"Referenzen | Hotel Consulting - Hotelberatung Johannes Fritz Groebler\" \/>\n<meta property=\"og:description\" content=\"Auf der Suche nach einer professionellen Hotelberatung? Ich biete Ihnen individuelle Beratungsl\u00f6sungen f\u00fcr Ihren Erfolg zum Festpreis!\" \/>\n<meta property=\"og:url\" content=\"https:\/\/hotelfritz.com\/en\/referenzen\/\" \/>\n<meta property=\"og:site_name\" content=\"Hotel Consulting - Hotelberatung Johannes Fritz Groebler\" \/>\n<meta property=\"article:publisher\" content=\"https:\/\/www.facebook.com\/johannes.f.groebler\" \/>\n<meta name=\"twitter:card\" content=\"summary_large_image\" \/>\n<meta name=\"twitter:site\" content=\"@Hotel_Fritz\" \/>\n<meta name=\"twitter:label1\" content=\"Est. reading time\" \/>\n\t<meta name=\"twitter:data1\" content=\"2 minutes\" \/>\n<!-- \/ Yoast SEO plugin. -->","yoast_head_json":{"title":"Referenzen | Hotel Consulting - Hotelberatung Johannes Fritz Groebler","description":"Auf der Suche nach einer professionellen Hotelberatung? Ich biete Ihnen individuelle Beratungsl\u00f6sungen f\u00fcr Ihren Erfolg zum Festpreis!","robots":{"index":"index","follow":"follow","max-snippet":"max-snippet:-1","max-image-preview":"max-image-preview:large","max-video-preview":"max-video-preview:-1"},"canonical":"https:\/\/hotelfritz.com\/en\/referenzen\/","og_locale":"en_US","og_type":"article","og_title":"Referenzen | Hotel Consulting - Hotelberatung Johannes Fritz Groebler","og_description":"Auf der Suche nach einer professionellen Hotelberatung? Ich biete Ihnen individuelle Beratungsl\u00f6sungen f\u00fcr Ihren Erfolg zum Festpreis!","og_url":"https:\/\/hotelfritz.com\/en\/referenzen\/","og_site_name":"Hotel Consulting - Hotelberatung Johannes Fritz Groebler","article_publisher":"https:\/\/www.facebook.com\/johannes.f.groebler","twitter_card":"summary_large_image","twitter_site":"@Hotel_Fritz","twitter_misc":{"Est. reading time":"2 minutes"},"schema":{"@context":"https:\/\/schema.org","@graph":[{"@type":"WebPage","@id":"https:\/\/hotelfritz.com\/referenzen\/","url":"https:\/\/hotelfritz.com\/referenzen\/","name":"Referenzen | Hotel Consulting - Hotelberatung Johannes Fritz Groebler","isPartOf":{"@id":"https:\/\/hotelfritz.com\/#website"},"datePublished":"2023-07-27T19:20:28+00:00","dateModified":"2023-07-28T07:38:22+00:00","description":"Auf der Suche nach einer professionellen Hotelberatung? Ich biete Ihnen individuelle Beratungsl\u00f6sungen f\u00fcr Ihren Erfolg zum Festpreis!","breadcrumb":{"@id":"https:\/\/hotelfritz.com\/referenzen\/#breadcrumb"},"inLanguage":"en-US","potentialAction":[{"@type":"ReadAction","target":["https:\/\/hotelfritz.com\/referenzen\/"]}]},{"@type":"BreadcrumbList","@id":"https:\/\/hotelfritz.com\/referenzen\/#breadcrumb","itemListElement":[{"@type":"ListItem","position":1,"name":"Home","item":"https:\/\/hotelfritz.com\/"},{"@type":"ListItem","position":2,"name":"Referenzen"}]},{"@type":"WebSite","@id":"https:\/\/hotelfritz.com\/#website","url":"https:\/\/hotelfritz.com\/","name":"Hotel Consulting - Hotelberatung Johannes Fritz Groebler","description":"hotelfritz.com","publisher":{"@id":"https:\/\/hotelfritz.com\/#organization"},"potentialAction":[{"@type":"SearchAction","target":{"@type":"EntryPoint","urlTemplate":"https:\/\/hotelfritz.com\/?s={search_term_string}"},"query-input":{"@type":"PropertyValueSpecification","valueRequired":true,"valueName":"search_term_string"}}],"inLanguage":"en-US"},{"@type":"Organization","@id":"https:\/\/hotelfritz.com\/#organization","name":"Hotel Fritz","url":"https:\/\/hotelfritz.com\/","logo":{"@type":"ImageObject","inLanguage":"en-US","@id":"https:\/\/hotelfritz.com\/#\/schema\/logo\/image\/","url":"https:\/\/hotelfritz.com\/wp-content\/uploads\/2021\/07\/logo-hotel-fritz-black.png","contentUrl":"https:\/\/hotelfritz.com\/wp-content\/uploads\/2021\/07\/logo-hotel-fritz-black.png","width":379,"height":60,"caption":"Hotel Fritz"},"image":{"@id":"https:\/\/hotelfritz.com\/#\/schema\/logo\/image\/"},"sameAs":["https:\/\/www.facebook.com\/johannes.f.groebler","https:\/\/x.com\/Hotel_Fritz","https:\/\/www.instagram.com\/hotelfritz_\/","https:\/\/www.pinterest.de\/JohannesFritzGroebler\/","https:\/\/www.linkedin.com\/in\/johannesgroebler\/","https:\/\/www.youtube.com\/channel\/UCTBxv_KtziYqXWm2a9DEjDA"]}]}},"_links":{"self":[{"href":"https:\/\/hotelfritz.com\/en\/wp-json\/wp\/v2\/pages\/6912","targetHints":{"allow":["GET"]}}],"collection":[{"href":"https:\/\/hotelfritz.com\/en\/wp-json\/wp\/v2\/pages"}],"about":[{"href":"https:\/\/hotelfritz.com\/en\/wp-json\/wp\/v2\/types\/page"}],"author":[{"embeddable":true,"href":"https:\/\/hotelfritz.com\/en\/wp-json\/wp\/v2\/users\/1"}],"replies":[{"embeddable":true,"href":"https:\/\/hotelfritz.com\/en\/wp-json\/wp\/v2\/comments?post=6912"}],"version-history":[{"count":17,"href":"https:\/\/hotelfritz.com\/en\/wp-json\/wp\/v2\/pages\/6912\/revisions"}],"predecessor-version":[{"id":6931,"href":"https:\/\/hotelfritz.com\/en\/wp-json\/wp\/v2\/pages\/6912\/revisions\/6931"}],"wp:attachment":[{"href":"https:\/\/hotelfritz.com\/en\/wp-json\/wp\/v2\/media?parent=6912"}],"curies":[{"name":"wp","href":"https:\/\/api.w.org\/{rel}","templated":true}]}}