{"id":6607,"date":"2023-04-09T12:46:39","date_gmt":"2023-04-09T12:46:39","guid":{"rendered":"https:\/\/hotelfritz.com\/?page_id=6607"},"modified":"2024-09-13T14:36:45","modified_gmt":"2024-09-13T14:36:45","slug":"hotelberatung-dienstleistungen","status":"publish","type":"page","link":"https:\/\/hotelfritz.com\/en\/hotelberatung-dienstleistungen\/","title":{"rendered":"Services"},"content":{"rendered":"<section class=\"wpb-content-wrapper\"><div class=\"vc-row-container container\"><div class=\"vc_row wpb_row vc_row-fluid\"><div class=\"wpb_column vc_column_container vc_col-sm-12\"><div class=\"vc_column-inner\"><div class=\"wpb_wrapper\">\n\t<div class=\"wpb_text_column wpb_content_element  post-formatting\" >\n\t\t<div class=\"wpb_wrapper\">\n\t\t\t\n\t\t<\/div>\n\t<\/div>\n<\/div><\/div><\/div><\/div><\/div><div class=\"vc-row-container container\"><div class=\"vc_row wpb_row vc_row-fluid\"><div class=\"wpb_column vc_column_container vc_col-sm-5\"><div class=\"vc_column-inner\"><div class=\"wpb_wrapper\">\n\t<div  class=\"wpb_single_image wpb_content_element vc_align_left\">\n\t\t\n\t\t<figure class=\"wpb_wrapper vc_figure\">\n\t\t\t<div class=\"vc_single_image-wrapper   vc_box_border_grey\"><img loading=\"lazy\" decoding=\"async\" width=\"512\" height=\"512\" src=\"https:\/\/hotelfritz.com\/wp-content\/uploads\/2023\/07\/Hotelberatung-Hotel-Consulting-Johannes-Fritz-Groebler-www.hotelfritz.com-Hotel-Fritz-6.jpg\" class=\"vc_single_image-img attachment-full\" alt=\"\" title=\"Hotelberatung - Hotel Consulting - Johannes Fritz Groebler - www.hotelfritz.com Hotel Fritz 6\" srcset=\"https:\/\/hotelfritz.com\/wp-content\/uploads\/2023\/07\/Hotelberatung-Hotel-Consulting-Johannes-Fritz-Groebler-www.hotelfritz.com-Hotel-Fritz-6.jpg 512w, https:\/\/hotelfritz.com\/wp-content\/uploads\/2023\/07\/Hotelberatung-Hotel-Consulting-Johannes-Fritz-Groebler-www.hotelfritz.com-Hotel-Fritz-6-300x300.jpg 300w, https:\/\/hotelfritz.com\/wp-content\/uploads\/2023\/07\/Hotelberatung-Hotel-Consulting-Johannes-Fritz-Groebler-www.hotelfritz.com-Hotel-Fritz-6-150x150.jpg 150w, https:\/\/hotelfritz.com\/wp-content\/uploads\/2023\/07\/Hotelberatung-Hotel-Consulting-Johannes-Fritz-Groebler-www.hotelfritz.com-Hotel-Fritz-6-12x12.jpg 12w, https:\/\/hotelfritz.com\/wp-content\/uploads\/2023\/07\/Hotelberatung-Hotel-Consulting-Johannes-Fritz-Groebler-www.hotelfritz.com-Hotel-Fritz-6-468x468.jpg 468w\" sizes=\"auto, (max-width: 512px) 100vw, 512px\" \/><\/div>\n\t\t<\/figure>\n\t<\/div>\n<\/div><\/div><\/div><div class=\"wpb_column vc_column_container vc_col-sm-7\"><div class=\"vc_column-inner\"><div class=\"wpb_wrapper\"><div class=\"section-title\">\n    <h2>Services<\/h2>\n<p>Hotel Consulting by Johannes Fritz Groebler<\/p>\n<\/div>\n\t<div class=\"wpb_text_column wpb_content_element  post-formatting\" >\n\t\t<div class=\"wpb_wrapper\">\n\t\t\t<p>Our hotel consultancy offers a broad range of services for hotels to ensure that your hotel is successful in the long term. From reviewing profitability and creating business plans to developing concepts and strategic positioning, we are your experts for hotel consulting. Our experienced team of industry experts and partners works closely with you to achieve your goals. Learn more about our five main services: Hotel profitability analysis and business plans, hotel concept development, hotel strategy and positioning, hotel management and operational optimization, and hotel real estate sales, leasing, and rental.<\/p>\n\n\t\t<\/div>\n\t<\/div>\n\n\t<div class=\"wpb_text_column wpb_content_element  post-formatting\" >\n\t\t<div class=\"wpb_wrapper\">\n\t\t\t\n\t\t<\/div>\n\t<\/div>\n<\/div><\/div><\/div><\/div><\/div><div class=\"vc-row-container container\"><div class=\"vc_row wpb_row vc_row-fluid\"><div class=\"wpb_column vc_column_container vc_col-sm-12\"><div class=\"vc_column-inner\"><div class=\"wpb_wrapper\">\n\t<div class=\"wpb_text_column wpb_content_element  post-formatting\" >\n\t\t<div class=\"wpb_wrapper\">\n\t\t\t\n\t\t<\/div>\n\t<\/div>\n<\/div><\/div><\/div><\/div><\/div><div class=\"vc-row-container container\"><div class=\"vc_row wpb_row vc_row-fluid\"><div class=\"wpb_column vc_column_container vc_col-sm-5\"><div class=\"vc_column-inner\"><div class=\"wpb_wrapper\">\n\t<div  class=\"wpb_single_image wpb_content_element vc_align_center\">\n\t\t\n\t\t<figure class=\"wpb_wrapper vc_figure\">\n\t\t\t<div class=\"vc_single_image-wrapper   vc_box_border_grey\"><img loading=\"lazy\" decoding=\"async\" class=\"vc_single_image-img\" src=\"https:\/\/hotelfritz.com\/wp-content\/uploads\/2023\/04\/hotelberatung-hotelberater-hotel-consulting-hotel-consultant-johannes-fritz-groebler-www.hotelfritz.com-hotel-fritz-hotelimmobilien-320x320.jpg\" width=\"320\" height=\"320\" alt=\"hotelberatung - hotelberater - hotel consulting - hotel consultant - johannes fritz groebler - www.hotelfritz.com - hotel fritz - hotelimmobilien\" title=\"hotelberatung - hotelberater - hotel consulting - hotel consultant - johannes fritz groebler - www.hotelfritz.com - hotel fritz - hotelimmobilien\" \/><\/div>\n\t\t<\/figure>\n\t<\/div>\n<\/div><\/div><\/div><div class=\"wpb_column vc_column_container vc_col-sm-7\"><div class=\"vc_column-inner\"><div class=\"wpb_wrapper\"><div class=\"section-title\">\n    <h2>1. Profitability analysis and business plans<\/h2>\n<\/div>\n\t<div class=\"wpb_text_column wpb_content_element  post-formatting\" >\n\t\t<div class=\"wpb_wrapper\">\n\t\t\t<p>We review the profitability of your hotel and create business plans to ensure that your hotel is successful in the long term. We analyze all revenues and expenses, including personnel costs, direct costs, cost of goods sold, and investments, to ensure that you have a solid foundation for your hotel business.<\/p>\n\n\t\t<\/div>\n\t<\/div>\n<a href=\"https:\/\/hotelfritz.com\/en\/hotelberatung-wirtschaftlichkeit-businessplan-zahlen-marktanlysen-mitbewerber-hotelconsulting\/\" title=\"Wirtschaftlichkeit und Businesspl\u00e4ne f\u00fcr Hotels\" target=\"\" class=\"laborator-btn btn btn-index-1 btn-type-outlined-bg  btn-type-outlined btn-black btn-normal\">Profitability and business plans &gt;&gt;<\/a>\n\n\t<div class=\"wpb_text_column wpb_content_element  post-formatting\" >\n\t\t<div class=\"wpb_wrapper\">\n\t\t\t\n\t\t<\/div>\n\t<\/div>\n\n\t<div class=\"wpb_text_column wpb_content_element  post-formatting\" >\n\t\t<div class=\"wpb_wrapper\">\n\t\t\t\n\t\t<\/div>\n\t<\/div>\n<\/div><\/div><\/div><\/div><\/div><div class=\"vc-row-container container\"><div class=\"vc_row wpb_row vc_row-fluid\"><div class=\"wpb_column vc_column_container vc_col-sm-5\"><div class=\"vc_column-inner\"><div class=\"wpb_wrapper\">\n\t<div  class=\"wpb_single_image wpb_content_element vc_align_center\">\n\t\t\n\t\t<figure class=\"wpb_wrapper vc_figure\">\n\t\t\t<div class=\"vc_single_image-wrapper   vc_box_border_grey\"><img loading=\"lazy\" decoding=\"async\" class=\"vc_single_image-img\" src=\"https:\/\/hotelfritz.com\/wp-content\/uploads\/2023\/04\/hotelberatung-hotelberater-hotel-consulting-hotel-consultant-johannes-fritz-groebler-www.hotelfritz.com-hotelkonzepte-konzeptentwicklung-320x320.jpg\" width=\"320\" height=\"320\" alt=\"hotelberatung - hotelberater - hotel consulting - hotel consultant - johannes fritz groebler - www.hotelfritz.com - hotelkonzepte - konzeptentwicklung\" title=\"hotelberatung - hotelberater - hotel consulting - hotel consultant - johannes fritz groebler - www.hotelfritz.com - hotelkonzepte - konzeptentwicklung\" \/><\/div>\n\t\t<\/figure>\n\t<\/div>\n<\/div><\/div><\/div><div class=\"wpb_column vc_column_container vc_col-sm-7\"><div class=\"vc_column-inner\"><div class=\"wpb_wrapper\"><div class=\"section-title\">\n    <h2>2. Hotel concept development<\/h2>\n<\/div>\n\t<div class=\"wpb_text_column wpb_content_element  post-formatting\" >\n\t\t<div class=\"wpb_wrapper\">\n\t\t\t<p>We help you develop a unique concept for your hotel that is tailored to the needs of your guests. From interior design to f&amp;b concepts and special events, we support you in creating an unforgettable experience for your guests at your hotel.<\/p>\n\n\t\t<\/div>\n\t<\/div>\n<a href=\"https:\/\/hotelfritz.com\/en\/hotelberatung-konzeptentwicklung-hotelkonzept-hotelconcept-hotelconsulting\/\" title=\"Hotel concepts and development\" target=\"\" class=\"laborator-btn btn btn-index-2 btn-type-outlined-bg  btn-type-outlined btn-black btn-normal\">Hotel Concepts &gt;&gt;<\/a>\n\n\t<div class=\"wpb_text_column wpb_content_element  post-formatting\" >\n\t\t<div class=\"wpb_wrapper\">\n\t\t\t\n\t\t<\/div>\n\t<\/div>\n\n\t<div class=\"wpb_text_column wpb_content_element  post-formatting\" >\n\t\t<div class=\"wpb_wrapper\">\n\t\t\t\n\t\t<\/div>\n\t<\/div>\n<\/div><\/div><\/div><\/div><\/div><div class=\"vc-row-container container\"><div class=\"vc_row wpb_row vc_row-fluid\"><div class=\"wpb_column vc_column_container vc_col-sm-5\"><div class=\"vc_column-inner\"><div class=\"wpb_wrapper\">\n\t<div  class=\"wpb_single_image wpb_content_element vc_align_center\">\n\t\t\n\t\t<figure class=\"wpb_wrapper vc_figure\">\n\t\t\t<div class=\"vc_single_image-wrapper   vc_box_border_grey\"><img loading=\"lazy\" decoding=\"async\" class=\"vc_single_image-img\" src=\"https:\/\/hotelfritz.com\/wp-content\/uploads\/2023\/04\/hotelberatung-hotelberater-hotel-consulting-hotel-consultant-johannes-fritz-groebler-www.hotelfritz.com-hotel-lobby-1-320x320.jpg\" width=\"320\" height=\"320\" alt=\"hotelberatung - hotelberater - hotel consulting - hotel consultant - johannes fritz groebler - www.hotelfritz.com - hotel lobby\" title=\"hotelberatung - hotelberater - hotel consulting - hotel consultant - johannes fritz groebler - www.hotelfritz.com - hotel lobby\" \/><\/div>\n\t\t<\/figure>\n\t<\/div>\n<\/div><\/div><\/div><div class=\"wpb_column vc_column_container vc_col-sm-7\"><div class=\"vc_column-inner\"><div class=\"wpb_wrapper\"><div class=\"section-title\">\n    <h2>3. Strategy and Positioning<\/h2>\n<\/div>\n\t<div class=\"wpb_text_column wpb_content_element  post-formatting\" >\n\t\t<div class=\"wpb_wrapper\">\n\t\t\t<p>We help you to strengthen your hotel brand and positioning in the market. We analyze your competitors and develop a strategy that will help you stand out from other hotels and reach your target group.<\/p>\n\n\t\t<\/div>\n\t<\/div>\n<a href=\"https:\/\/hotelfritz.com\/en\/hotelberatung-strategie-positionierung-vertrieb-marketing-socialmedia-hotelconsulting\/\" title=\"Strategy and Positioning - Sales and Marketing\" target=\"\" class=\"laborator-btn btn btn-index-3 btn-type-outlined-bg  btn-type-outlined btn-black btn-normal\">Strategy and Positioning &gt;&gt;<\/a>\n\n\t<div class=\"wpb_text_column wpb_content_element  post-formatting\" >\n\t\t<div class=\"wpb_wrapper\">\n\t\t\t\n\t\t<\/div>\n\t<\/div>\n\n\t<div class=\"wpb_text_column wpb_content_element  post-formatting\" >\n\t\t<div class=\"wpb_wrapper\">\n\t\t\t\n\t\t<\/div>\n\t<\/div>\n<\/div><\/div><\/div><\/div><\/div><div class=\"vc-row-container container\"><div class=\"vc_row wpb_row vc_row-fluid\"><div class=\"wpb_column vc_column_container vc_col-sm-5\"><div class=\"vc_column-inner\"><div class=\"wpb_wrapper\">\n\t<div  class=\"wpb_single_image wpb_content_element vc_align_center\">\n\t\t\n\t\t<figure class=\"wpb_wrapper vc_figure\">\n\t\t\t<div class=\"vc_single_image-wrapper   vc_box_border_grey\"><img loading=\"lazy\" decoding=\"async\" class=\"vc_single_image-img\" src=\"https:\/\/hotelfritz.com\/wp-content\/uploads\/2023\/04\/hotelberatung-hotelberater-hotel-consulting-hotel-consultant-johannes-fritz-groebler-www.hotelfritz.com-hotel-real-estate-hotel-management-320x320.jpg\" width=\"320\" height=\"320\" alt=\"hotelberatung - hotelberater - hotel consulting - hotel consultant - johannes fritz groebler - www.hotelfritz.com - hotel real estate - hotel management\" title=\"hotelberatung - hotelberater - hotel consulting - hotel consultant - johannes fritz groebler - www.hotelfritz.com - hotel real estate - hotel management\" \/><\/div>\n\t\t<\/figure>\n\t<\/div>\n<\/div><\/div><\/div><div class=\"wpb_column vc_column_container vc_col-sm-7\"><div class=\"vc_column-inner\"><div class=\"wpb_wrapper\"><div class=\"section-title\">\n    <h2>4. Management and hotel operations<\/h2>\n<\/div>\n\t<div class=\"wpb_text_column wpb_content_element  post-formatting\" >\n\t\t<div class=\"wpb_wrapper\">\n\t\t\t<p>We support you in optimizing operational processes in your hotel. We analyze your processes and identify opportunities to improve efficiency and profitability. We also offer training and workshops to bring your hotel's management and staff up to date.<\/p>\n\n\t\t<\/div>\n\t<\/div>\n<a href=\"https:\/\/hotelfritz.com\/en\/hotelberatung-management-operative-optimierung-performance-hotelmanager-hotelconsulting\/\" title=\"Hotel Management and Operational Optimization\" target=\"\" class=\"laborator-btn btn btn-index-4 btn-type-outlined-bg  btn-type-outlined btn-black btn-normal\">Management and operational optimization &gt;&gt;<\/a>\n\n\t<div class=\"wpb_text_column wpb_content_element  post-formatting\" >\n\t\t<div class=\"wpb_wrapper\">\n\t\t\t\n\t\t<\/div>\n\t<\/div>\n\n\t<div class=\"wpb_text_column wpb_content_element  post-formatting\" >\n\t\t<div class=\"wpb_wrapper\">\n\t\t\t\n\t\t<\/div>\n\t<\/div>\n<\/div><\/div><\/div><\/div><\/div><div class=\"vc-row-container container\"><div class=\"vc_row wpb_row vc_row-fluid\"><div class=\"wpb_column vc_column_container vc_col-sm-5\"><div class=\"vc_column-inner\"><div class=\"wpb_wrapper\">\n\t<div  class=\"wpb_single_image wpb_content_element vc_align_center\">\n\t\t\n\t\t<figure class=\"wpb_wrapper vc_figure\">\n\t\t\t<div class=\"vc_single_image-wrapper   vc_box_border_grey\"><img loading=\"lazy\" decoding=\"async\" class=\"vc_single_image-img\" src=\"https:\/\/hotelfritz.com\/wp-content\/uploads\/2023\/04\/hotelberatung-hotelberater-hotel-consulting-hotel-consultant-johannes-fritz-groebler-www.hotelfritz.com-hotel-manager-management-hotels-320x320.jpg\" width=\"320\" height=\"320\" alt=\"hotelberatung - hotelberater - hotel consulting - hotel consultant - johannes fritz groebler - www.hotelfritz.com - hotel manager - management hotels\" title=\"hotelberatung - hotelberater - hotel consulting - hotel consultant - johannes fritz groebler - www.hotelfritz.com - hotel manager - management hotels\" \/><\/div>\n\t\t<\/figure>\n\t<\/div>\n<\/div><\/div><\/div><div class=\"wpb_column vc_column_container vc_col-sm-7\"><div class=\"vc_column-inner\"><div class=\"wpb_wrapper\"><div class=\"section-title\">\n    <h2>5. Hotel Real Estate sales, renting &amp; leasing<\/h2>\n<\/div>\n\t<div class=\"wpb_text_column wpb_content_element  post-formatting\" >\n\t\t<div class=\"wpb_wrapper\">\n\t\t\t<p>We will help you to find suitable real estate for your hotel or support you in selling or renting your current property. We have a wide network of contacts in the real estate industry and can support you in all steps of the process.<\/p>\n\n\t\t<\/div>\n\t<\/div>\n<a href=\"https:\/\/hotelfritz.com\/en\/hotelberatung-immobilien-hotelimmobilien-hotelrealestate-verkauf-vermietung-verpachtung-hotelconsulting\/\" title=\"Hotel real estate sale, rental &amp; leasing\" target=\"\" class=\"laborator-btn btn btn-index-5 btn-type-outlined-bg  btn-type-outlined btn-black btn-normal\">Hotel real estate &gt;&gt;<\/a>\n\n\t<div class=\"wpb_text_column wpb_content_element  post-formatting\" >\n\t\t<div class=\"wpb_wrapper\">\n\t\t\t\n\t\t<\/div>\n\t<\/div>\n\n\t<div class=\"wpb_text_column wpb_content_element  post-formatting\" >\n\t\t<div class=\"wpb_wrapper\">\n\t\t\t\n\t\t<\/div>\n\t<\/div>\n<\/div><\/div><\/div><\/div><\/div><div class=\"vc-row-container container\"><div class=\"vc_row wpb_row vc_row-fluid\"><div class=\"wpb_column vc_column_container vc_col-sm-12\"><div class=\"vc_column-inner\"><div class=\"wpb_wrapper\">\n\t<div class=\"wpb_text_column wpb_content_element  post-formatting\" >\n\t\t<div class=\"wpb_wrapper\">\n\t\t\t\n\t\t<\/div>\n\t<\/div>\n<\/div><\/div><\/div><\/div><\/div>\n<\/section>","protected":false},"excerpt":{"rendered":"Dienstleistungen Hotelberatung Johannes Fritz Groebler Unsere Hotelberatung bietet eine breite Palette von Dienstleistungen f\u00fcr Hotels an, um sicherzustellen, dass Ihr Hotel langfristig erfolgreich ist. \u00a0Von der Pr\u00fcfung der Wirtschaftlichkeit und der Erstellung von Businesspl\u00e4nen bis hin zur Konzeptentwicklung und strategischen Positionierung sind wir Ihr zuverl\u00e4ssiger Hotel Consulting Partner. Unser erfahrenes Team von Branchenexperten und Partnern&hellip;","protected":false},"author":1,"featured_media":6139,"parent":0,"menu_order":0,"comment_status":"open","ping_status":"open","template":"","meta":{"footnotes":""},"class_list":["post-6607","page","type-page","status-publish","has-post-thumbnail","hentry"],"acf":[],"yoast_head":"<!-- This site is optimized with the Yoast SEO plugin v27.5 - https:\/\/yoast.com\/product\/yoast-seo-wordpress\/ -->\n<title>Hotelberatung Dienstleistungen \u2013 Ma\u00dfgeschneiderte L\u00f6sungen f\u00fcr Hotel Erfolg<\/title>\n<meta name=\"description\" content=\"Umfassende Hotelberatung: Von der Konzeptentwicklung bis zur operativen Optimierung. Unsere Dienstleistungen verbessern Ihre Hotelperformance und sichern nachhaltiges Wachstum.\" \/>\n<meta name=\"robots\" content=\"index, follow, max-snippet:-1, max-image-preview:large, max-video-preview:-1\" \/>\n<link rel=\"canonical\" href=\"https:\/\/hotelfritz.com\/en\/hotelberatung-dienstleistungen\/\" \/>\n<meta property=\"og:locale\" content=\"en_US\" \/>\n<meta property=\"og:type\" content=\"article\" \/>\n<meta property=\"og:title\" content=\"Hotelberatung Dienstleistungen \u2013 Ma\u00dfgeschneiderte L\u00f6sungen f\u00fcr Hotel Erfolg\" \/>\n<meta property=\"og:description\" content=\"Umfassende Hotelberatung: Von der Konzeptentwicklung bis zur operativen Optimierung. Unsere Dienstleistungen verbessern Ihre Hotelperformance und sichern nachhaltiges Wachstum.\" \/>\n<meta property=\"og:url\" content=\"https:\/\/hotelfritz.com\/en\/hotelberatung-dienstleistungen\/\" \/>\n<meta property=\"og:site_name\" content=\"Hotel Consulting - Hotelberatung Johannes Fritz Groebler\" \/>\n<meta property=\"article:publisher\" content=\"https:\/\/www.facebook.com\/johannes.f.groebler\" \/>\n<meta property=\"og:image\" content=\"https:\/\/hotelfritz.com\/wp-content\/uploads\/2022\/10\/Hotelberatung-Hotel-Consulting-Hotelberater-Johannes-Fritz-Groebler-min.jpg\" \/>\n\t<meta property=\"og:image:width\" content=\"900\" \/>\n\t<meta property=\"og:image:height\" content=\"900\" \/>\n\t<meta property=\"og:image:type\" content=\"image\/jpeg\" \/>\n<meta name=\"twitter:card\" content=\"summary_large_image\" \/>\n<meta name=\"twitter:site\" content=\"@Hotel_Fritz\" \/>\n<meta name=\"twitter:label1\" content=\"Est. reading time\" \/>\n\t<meta name=\"twitter:data1\" content=\"3 minutes\" \/>\n<!-- \/ Yoast SEO plugin. -->","yoast_head_json":{"title":"Hotelberatung Dienstleistungen \u2013 Ma\u00dfgeschneiderte L\u00f6sungen f\u00fcr Hotel Erfolg","description":"Umfassende Hotelberatung: Von der Konzeptentwicklung bis zur operativen Optimierung. Unsere Dienstleistungen verbessern Ihre Hotelperformance und sichern nachhaltiges Wachstum.","robots":{"index":"index","follow":"follow","max-snippet":"max-snippet:-1","max-image-preview":"max-image-preview:large","max-video-preview":"max-video-preview:-1"},"canonical":"https:\/\/hotelfritz.com\/en\/hotelberatung-dienstleistungen\/","og_locale":"en_US","og_type":"article","og_title":"Hotelberatung Dienstleistungen \u2013 Ma\u00dfgeschneiderte L\u00f6sungen f\u00fcr Hotel Erfolg","og_description":"Umfassende Hotelberatung: Von der Konzeptentwicklung bis zur operativen Optimierung. Unsere Dienstleistungen verbessern Ihre Hotelperformance und sichern nachhaltiges Wachstum.","og_url":"https:\/\/hotelfritz.com\/en\/hotelberatung-dienstleistungen\/","og_site_name":"Hotel Consulting - Hotelberatung Johannes Fritz Groebler","article_publisher":"https:\/\/www.facebook.com\/johannes.f.groebler","og_image":[{"width":900,"height":900,"url":"https:\/\/hotelfritz.com\/wp-content\/uploads\/2022\/10\/Hotelberatung-Hotel-Consulting-Hotelberater-Johannes-Fritz-Groebler-min.jpg","type":"image\/jpeg"}],"twitter_card":"summary_large_image","twitter_site":"@Hotel_Fritz","twitter_misc":{"Est. reading time":"3 minutes"},"schema":{"@context":"https:\/\/schema.org","@graph":[{"@type":"WebPage","@id":"https:\/\/hotelfritz.com\/hotelberatung-dienstleistungen\/","url":"https:\/\/hotelfritz.com\/hotelberatung-dienstleistungen\/","name":"Hotelberatung Dienstleistungen \u2013 Ma\u00dfgeschneiderte L\u00f6sungen f\u00fcr Hotel Erfolg","isPartOf":{"@id":"https:\/\/hotelfritz.com\/#website"},"primaryImageOfPage":{"@id":"https:\/\/hotelfritz.com\/hotelberatung-dienstleistungen\/#primaryimage"},"image":{"@id":"https:\/\/hotelfritz.com\/hotelberatung-dienstleistungen\/#primaryimage"},"thumbnailUrl":"https:\/\/hotelfritz.com\/wp-content\/uploads\/2022\/10\/Hotelberatung-Hotel-Consulting-Hotelberater-Johannes-Fritz-Groebler-min.jpg","datePublished":"2023-04-09T12:46:39+00:00","dateModified":"2024-09-13T14:36:45+00:00","description":"Umfassende Hotelberatung: Von der Konzeptentwicklung bis zur operativen Optimierung. Unsere Dienstleistungen verbessern Ihre Hotelperformance und sichern nachhaltiges Wachstum.","breadcrumb":{"@id":"https:\/\/hotelfritz.com\/hotelberatung-dienstleistungen\/#breadcrumb"},"inLanguage":"en-US","potentialAction":[{"@type":"ReadAction","target":["https:\/\/hotelfritz.com\/hotelberatung-dienstleistungen\/"]}]},{"@type":"ImageObject","inLanguage":"en-US","@id":"https:\/\/hotelfritz.com\/hotelberatung-dienstleistungen\/#primaryimage","url":"https:\/\/hotelfritz.com\/wp-content\/uploads\/2022\/10\/Hotelberatung-Hotel-Consulting-Hotelberater-Johannes-Fritz-Groebler-min.jpg","contentUrl":"https:\/\/hotelfritz.com\/wp-content\/uploads\/2022\/10\/Hotelberatung-Hotel-Consulting-Hotelberater-Johannes-Fritz-Groebler-min.jpg","width":900,"height":900},{"@type":"BreadcrumbList","@id":"https:\/\/hotelfritz.com\/hotelberatung-dienstleistungen\/#breadcrumb","itemListElement":[{"@type":"ListItem","position":1,"name":"Home","item":"https:\/\/hotelfritz.com\/"},{"@type":"ListItem","position":2,"name":"Dienstleistungen"}]},{"@type":"WebSite","@id":"https:\/\/hotelfritz.com\/#website","url":"https:\/\/hotelfritz.com\/","name":"Hotel Consulting - Hotelberatung Johannes Fritz Groebler","description":"hotelfritz.com","publisher":{"@id":"https:\/\/hotelfritz.com\/#organization"},"potentialAction":[{"@type":"SearchAction","target":{"@type":"EntryPoint","urlTemplate":"https:\/\/hotelfritz.com\/?s={search_term_string}"},"query-input":{"@type":"PropertyValueSpecification","valueRequired":true,"valueName":"search_term_string"}}],"inLanguage":"en-US"},{"@type":"Organization","@id":"https:\/\/hotelfritz.com\/#organization","name":"Hotel Fritz","url":"https:\/\/hotelfritz.com\/","logo":{"@type":"ImageObject","inLanguage":"en-US","@id":"https:\/\/hotelfritz.com\/#\/schema\/logo\/image\/","url":"https:\/\/hotelfritz.com\/wp-content\/uploads\/2021\/07\/logo-hotel-fritz-black.png","contentUrl":"https:\/\/hotelfritz.com\/wp-content\/uploads\/2021\/07\/logo-hotel-fritz-black.png","width":379,"height":60,"caption":"Hotel Fritz"},"image":{"@id":"https:\/\/hotelfritz.com\/#\/schema\/logo\/image\/"},"sameAs":["https:\/\/www.facebook.com\/johannes.f.groebler","https:\/\/x.com\/Hotel_Fritz","https:\/\/www.instagram.com\/hotelfritz_\/","https:\/\/www.pinterest.de\/JohannesFritzGroebler\/","https:\/\/www.linkedin.com\/in\/johannesgroebler\/","https:\/\/www.youtube.com\/channel\/UCTBxv_KtziYqXWm2a9DEjDA"]}]}},"_links":{"self":[{"href":"https:\/\/hotelfritz.com\/en\/wp-json\/wp\/v2\/pages\/6607","targetHints":{"allow":["GET"]}}],"collection":[{"href":"https:\/\/hotelfritz.com\/en\/wp-json\/wp\/v2\/pages"}],"about":[{"href":"https:\/\/hotelfritz.com\/en\/wp-json\/wp\/v2\/types\/page"}],"author":[{"embeddable":true,"href":"https:\/\/hotelfritz.com\/en\/wp-json\/wp\/v2\/users\/1"}],"replies":[{"embeddable":true,"href":"https:\/\/hotelfritz.com\/en\/wp-json\/wp\/v2\/comments?post=6607"}],"version-history":[{"count":26,"href":"https:\/\/hotelfritz.com\/en\/wp-json\/wp\/v2\/pages\/6607\/revisions"}],"predecessor-version":[{"id":6942,"href":"https:\/\/hotelfritz.com\/en\/wp-json\/wp\/v2\/pages\/6607\/revisions\/6942"}],"wp:featuredmedia":[{"embeddable":true,"href":"https:\/\/hotelfritz.com\/en\/wp-json\/wp\/v2\/media\/6139"}],"wp:attachment":[{"href":"https:\/\/hotelfritz.com\/en\/wp-json\/wp\/v2\/media?parent=6607"}],"curies":[{"name":"wp","href":"https:\/\/api.w.org\/{rel}","templated":true}]}}