{"id":6571,"date":"2023-01-31T08:55:07","date_gmt":"2023-01-31T08:55:07","guid":{"rendered":"https:\/\/hotelfritz.com\/?page_id=6571"},"modified":"2023-01-31T08:57:10","modified_gmt":"2023-01-31T08:57:10","slug":"vorteile-hotelberatung","status":"publish","type":"page","link":"https:\/\/hotelfritz.com\/en\/vorteile-hotelberatung\/","title":{"rendered":"Hotelberatung Vorteile"},"content":{"rendered":"<section class=\"wpb-content-wrapper\"><div class=\"vc-row-container container\"><div class=\"vc_row wpb_row vc_row-fluid\"><div class=\"wpb_column vc_column_container vc_col-sm-12\"><div class=\"vc_column-inner\"><div class=\"wpb_wrapper\">\n\t<div class=\"wpb_text_column wpb_content_element  post-formatting\" >\n\t\t<div class=\"wpb_wrapper\">\n\t\t\t\n\t\t<\/div>\n\t<\/div>\n<\/div><\/div><\/div><\/div><\/div><div class=\"vc-row-container container\"><div class=\"vc_row wpb_row vc_row-fluid\"><div class=\"wpb_column vc_column_container vc_col-sm-5\"><div class=\"vc_column-inner\"><div class=\"wpb_wrapper\">\n\t<div  class=\"wpb_single_image wpb_content_element vc_align_left\">\n\t\t\n\t\t<figure class=\"wpb_wrapper vc_figure\">\n\t\t\t<div class=\"vc_single_image-wrapper   vc_box_border_grey\"><img loading=\"lazy\" decoding=\"async\" width=\"900\" height=\"900\" src=\"https:\/\/hotelfritz.com\/wp-content\/uploads\/2022\/10\/Hotelberatung-Hotel-Consulting-Hotelberater-Johannes-Fritz-Groebler-min.jpg\" class=\"vc_single_image-img attachment-full\" alt=\"\" title=\"Hotelberatung - Hotel Consulting - Hotelberater - Johannes Fritz Groebler-min\" srcset=\"https:\/\/hotelfritz.com\/wp-content\/uploads\/2022\/10\/Hotelberatung-Hotel-Consulting-Hotelberater-Johannes-Fritz-Groebler-min.jpg 900w, https:\/\/hotelfritz.com\/wp-content\/uploads\/2022\/10\/Hotelberatung-Hotel-Consulting-Hotelberater-Johannes-Fritz-Groebler-min-300x300.jpg 300w, https:\/\/hotelfritz.com\/wp-content\/uploads\/2022\/10\/Hotelberatung-Hotel-Consulting-Hotelberater-Johannes-Fritz-Groebler-min-150x150.jpg 150w, https:\/\/hotelfritz.com\/wp-content\/uploads\/2022\/10\/Hotelberatung-Hotel-Consulting-Hotelberater-Johannes-Fritz-Groebler-min-768x768.jpg 768w, https:\/\/hotelfritz.com\/wp-content\/uploads\/2022\/10\/Hotelberatung-Hotel-Consulting-Hotelberater-Johannes-Fritz-Groebler-min-12x12.jpg 12w, https:\/\/hotelfritz.com\/wp-content\/uploads\/2022\/10\/Hotelberatung-Hotel-Consulting-Hotelberater-Johannes-Fritz-Groebler-min-468x468.jpg 468w, https:\/\/hotelfritz.com\/wp-content\/uploads\/2022\/10\/Hotelberatung-Hotel-Consulting-Hotelberater-Johannes-Fritz-Groebler-min-806x806.jpg 806w, https:\/\/hotelfritz.com\/wp-content\/uploads\/2022\/10\/Hotelberatung-Hotel-Consulting-Hotelberater-Johannes-Fritz-Groebler-min-558x558.jpg 558w, https:\/\/hotelfritz.com\/wp-content\/uploads\/2022\/10\/Hotelberatung-Hotel-Consulting-Hotelberater-Johannes-Fritz-Groebler-min-655x655.jpg 655w, https:\/\/hotelfritz.com\/wp-content\/uploads\/2022\/10\/Hotelberatung-Hotel-Consulting-Hotelberater-Johannes-Fritz-Groebler-min-266x266.jpg 266w, https:\/\/hotelfritz.com\/wp-content\/uploads\/2022\/10\/Hotelberatung-Hotel-Consulting-Hotelberater-Johannes-Fritz-Groebler-min-220x220.jpg 220w, https:\/\/hotelfritz.com\/wp-content\/uploads\/2022\/10\/Hotelberatung-Hotel-Consulting-Hotelberater-Johannes-Fritz-Groebler-min-600x600.jpg 600w\" sizes=\"auto, (max-width: 900px) 100vw, 900px\" \/><\/div>\n\t\t<\/figure>\n\t<\/div>\n<\/div><\/div><\/div><div class=\"wpb_column vc_column_container vc_col-sm-7\"><div class=\"vc_column-inner\"><div class=\"wpb_wrapper\"><div class=\"section-title\">\n    <h2>Vorteile einer Zusammenarbeit <\/h2>\n<p>Hotel Consulting by Johannes Fritz Groebler<\/p>\n<\/div>\n\t<div class=\"wpb_text_column wpb_content_element  post-formatting\" >\n\t\t<div class=\"wpb_wrapper\">\n\t\t\t<p>Eine Zusammenarbeit mit einem Hotelberater kann viele Vorteile bringen. Hier sind einige Beispiele:<\/p>\n<p><strong>Branchenkenntnisse:<\/strong> Ein erfahrener Hotelberater hat ein tiefes Verst\u00e4ndnis f\u00fcr die Hotelbranche und kann seine Erfahrung nutzen, um Probleme zu identifizieren und L\u00f6sungen zu entwickeln, die auf die spezifischen Bed\u00fcrfnisse des Hotels abgestimmt sind.<\/p>\n<p><strong>Unabh\u00e4ngige Perspektive:<\/strong> Ein Hotelberater ist unabh\u00e4ngig und hat keine pers\u00f6nlichen oder gesch\u00e4ftlichen Beziehungen zum Hotel. Dadurch kann er eine objektive Sichtweise auf die Situation und Probleme des Hotels einbringen.<\/p>\n<p><strong>Kosteneinsparung:<\/strong> Ein Hotelberater kann das Hotel dabei unterst\u00fctzen, Kosten zu reduzieren und die Effizienz zu steigern, indem er Prozesse optimiert, die Organisation strukturiert und die Ausgaben \u00fcberwacht.<\/p>\n<p><strong>Umsatzsteigerung:<\/strong> Ein Hotelberater kann dem Hotel dabei helfen, den Umsatz zu steigern, indem er die Marketingstrategie optimiert, die Preisstruktur anpasst und die Verkaufskan\u00e4le verbessert.<\/p>\n<p><strong>Personalentwicklung:<\/strong> Ein Hotelberater kann dem Hotel dabei helfen, die F\u00e4higkeiten und Kompetenzen des Personals zu entwickeln, indem er Schulungen und Seminare anbietet und Mitarbeitercoaching durchf\u00fchrt.<\/p>\n<p><strong>Project Management:<\/strong> Ein Hotelberater kann dem Hotel dabei helfen, Projekte erfolgreich umzusetzen, indem er die Planung, Umsetzung und \u00dcberwachung der Projekte \u00fcbernimmt und sicherstellt, dass die Projektziele erreicht werden.<\/p>\n<p><strong>Entwicklung von Strategien:<\/strong> Ein Hotelberater kann helfen eine langfristige Strategie f\u00fcr das Hotel zu entwickeln und diese umzusetzen, um die Ziele des Hotels zu erreichen.<\/p>\n<p><strong>Netzwerk:<\/strong> Ein erfahrener Hotelberater hat oft ein gro\u00dfes Netzwerk in der Branche und kann dem Hotel wertvolle Kontakte und Partnerschaften vermitteln, die f\u00fcr dessen Entwicklung und Erfolg von gro\u00dfer Bedeutung sein k\u00f6nnen.<\/p>\n<p><strong>F\u00fchrungs- und Managementunterst\u00fctzung:<\/strong> Ein Hotelberater kann dem Hotel dabei helfen, die F\u00fchrungs- und Managementstruktur zu verbessern, um eine effektivere Teamarbeit zu erreichen.<\/p>\n<p><strong>Marketing-Unterst\u00fctzung:<\/strong> Ein Hotelberater kann dem Hotel dabei helfen, seine Marketing-Strategie zu entwickeln und umzusetzen, um die Bekanntheit des Hotels zu steigern und mehr G\u00e4ste anzulocken.<\/p>\n<p>Johannes Fritz Groebler - your hotel consultant<\/p>\n\n\t\t<\/div>\n\t<\/div>\n\n\t<div class=\"wpb_text_column wpb_content_element  post-formatting\" >\n\t\t<div class=\"wpb_wrapper\">\n\t\t\t\n\t\t<\/div>\n\t<\/div>\n<div class=\"section-title\">\n    <h2>Contact<\/h2>\n<\/div>\n\t<div class=\"wpb_text_column wpb_content_element  post-formatting\" >\n\t\t<div class=\"wpb_wrapper\">\n\t\t\t<h4 style=\"text-align: left;\"><span style=\"vertical-align: inherit;\"><span style=\"vertical-align: inherit;\">Email: <\/span><\/span><a href=\"mailto:hello@hotelfritz.com\"><span style=\"vertical-align: inherit;\"><span style=\"vertical-align: inherit;\">hello@hotelfritz.com<\/span><\/span><\/a><\/h4>\n<h4 style=\"text-align: left;\"><span style=\"vertical-align: inherit;\"><span style=\"vertical-align: inherit;\">Phone: 0049 162 851 6036<\/span><\/span><\/h4>\n\n\t\t<\/div>\n\t<\/div>\n<a href=\"https:\/\/calendly.com\/hotelfritz\/10-15min\" title=\"Get in contact with me\" target=\"_blank\" class=\"laborator-btn btn btn-index-1 btn-type-fliphover  btn-type-outlined btn-black btn-large\">Jetzt Telefonat vereinbaren<\/a>\n\n\t<div class=\"wpb_text_column wpb_content_element  post-formatting\" >\n\t\t<div class=\"wpb_wrapper\">\n\t\t\t\n\t\t<\/div>\n\t<\/div>\n<\/div><\/div><\/div><\/div><\/div><div class=\"vc-row-container container\"><div class=\"vc_row wpb_row vc_row-fluid\"><div class=\"wpb_column vc_column_container vc_col-sm-12\"><div class=\"vc_column-inner\"><div class=\"wpb_wrapper\">\n\t<div class=\"wpb_text_column wpb_content_element  post-formatting\" >\n\t\t<div class=\"wpb_wrapper\">\n\t\t\t\n\t\t<\/div>\n\t<\/div>\n<\/div><\/div><\/div><\/div><\/div>\n<\/section>","protected":false},"excerpt":{"rendered":"Vorteile einer Zusammenarbeit Hotelberatung Johannes Fritz Groebler Eine Zusammenarbeit mit einem Hotelberater kann viele Vorteile bringen. Hier sind einige Beispiele: Branchenkenntnisse: Ein erfahrener Hotelberater hat ein tiefes Verst\u00e4ndnis f\u00fcr die Hotelbranche und kann seine Erfahrung nutzen, um Probleme zu identifizieren und L\u00f6sungen zu entwickeln, die auf die spezifischen Bed\u00fcrfnisse des Hotels abgestimmt sind. Unabh\u00e4ngige Perspektive:&hellip;","protected":false},"author":1,"featured_media":6139,"parent":0,"menu_order":0,"comment_status":"open","ping_status":"open","template":"","meta":{"footnotes":""},"class_list":["post-6571","page","type-page","status-publish","has-post-thumbnail","hentry"],"acf":[],"yoast_head":"<!-- This site is optimized with the Yoast SEO plugin v27.4 - https:\/\/yoast.com\/product\/yoast-seo-wordpress\/ -->\n<title>Vorteile einer Zusammenarbeit mit Hotel Fritz Consulting<\/title>\n<meta name=\"description\" content=\"Eine Zusammenarbeit mit einem Hotelberater kann viele Vorteile bringen. Hier sind einige Beispiele:Branchenkenntnisse: Ein erfahrener Hotelberater hat ein tiefes Verst\u00e4ndnis f\u00fcr die Hotelbranche und kann seine Erfahrung nutzen, um Probleme zu identifizieren und L\u00f6sungen zu entwickeln, die auf die spezifischen Bed\u00fcrfnisse des Hotels abgestimmt sind...\" \/>\n<meta name=\"robots\" content=\"index, follow, max-snippet:-1, max-image-preview:large, max-video-preview:-1\" \/>\n<link rel=\"canonical\" href=\"https:\/\/hotelfritz.com\/en\/vorteile-hotelberatung\/\" \/>\n<meta property=\"og:locale\" content=\"en_US\" \/>\n<meta property=\"og:type\" content=\"article\" \/>\n<meta property=\"og:title\" content=\"Vorteile einer Zusammenarbeit mit Hotel Fritz Consulting\" \/>\n<meta property=\"og:description\" content=\"Eine Zusammenarbeit mit einem Hotelberater kann viele Vorteile bringen. Hier sind einige Beispiele:Branchenkenntnisse: Ein erfahrener Hotelberater hat ein tiefes Verst\u00e4ndnis f\u00fcr die Hotelbranche und kann seine Erfahrung nutzen, um Probleme zu identifizieren und L\u00f6sungen zu entwickeln, die auf die spezifischen Bed\u00fcrfnisse des Hotels abgestimmt sind...\" \/>\n<meta property=\"og:url\" content=\"https:\/\/hotelfritz.com\/en\/vorteile-hotelberatung\/\" \/>\n<meta property=\"og:site_name\" content=\"Hotel Consulting - Hotelberatung Johannes Fritz Groebler\" \/>\n<meta property=\"article:publisher\" content=\"https:\/\/www.facebook.com\/johannes.f.groebler\" \/>\n<meta property=\"og:image\" content=\"https:\/\/hotelfritz.com\/wp-content\/uploads\/2022\/10\/Hotelberatung-Hotel-Consulting-Hotelberater-Johannes-Fritz-Groebler-min.jpg\" \/>\n\t<meta property=\"og:image:width\" content=\"900\" \/>\n\t<meta property=\"og:image:height\" content=\"900\" \/>\n\t<meta property=\"og:image:type\" content=\"image\/jpeg\" \/>\n<meta name=\"twitter:card\" content=\"summary_large_image\" \/>\n<meta name=\"twitter:site\" content=\"@Hotel_Fritz\" \/>\n<meta name=\"twitter:label1\" content=\"Est. reading time\" \/>\n\t<meta name=\"twitter:data1\" content=\"2 minutes\" \/>\n<!-- \/ Yoast SEO plugin. -->","yoast_head_json":{"title":"Vorteile einer Zusammenarbeit mit Hotel Fritz Consulting","description":"Eine Zusammenarbeit mit einem Hotelberater kann viele Vorteile bringen. Hier sind einige Beispiele:Branchenkenntnisse: Ein erfahrener Hotelberater hat ein tiefes Verst\u00e4ndnis f\u00fcr die Hotelbranche und kann seine Erfahrung nutzen, um Probleme zu identifizieren und L\u00f6sungen zu entwickeln, die auf die spezifischen Bed\u00fcrfnisse des Hotels abgestimmt sind...","robots":{"index":"index","follow":"follow","max-snippet":"max-snippet:-1","max-image-preview":"max-image-preview:large","max-video-preview":"max-video-preview:-1"},"canonical":"https:\/\/hotelfritz.com\/en\/vorteile-hotelberatung\/","og_locale":"en_US","og_type":"article","og_title":"Vorteile einer Zusammenarbeit mit Hotel Fritz Consulting","og_description":"Eine Zusammenarbeit mit einem Hotelberater kann viele Vorteile bringen. Hier sind einige Beispiele:Branchenkenntnisse: Ein erfahrener Hotelberater hat ein tiefes Verst\u00e4ndnis f\u00fcr die Hotelbranche und kann seine Erfahrung nutzen, um Probleme zu identifizieren und L\u00f6sungen zu entwickeln, die auf die spezifischen Bed\u00fcrfnisse des Hotels abgestimmt sind...","og_url":"https:\/\/hotelfritz.com\/en\/vorteile-hotelberatung\/","og_site_name":"Hotel Consulting - Hotelberatung Johannes Fritz Groebler","article_publisher":"https:\/\/www.facebook.com\/johannes.f.groebler","og_image":[{"width":900,"height":900,"url":"https:\/\/hotelfritz.com\/wp-content\/uploads\/2022\/10\/Hotelberatung-Hotel-Consulting-Hotelberater-Johannes-Fritz-Groebler-min.jpg","type":"image\/jpeg"}],"twitter_card":"summary_large_image","twitter_site":"@Hotel_Fritz","twitter_misc":{"Est. reading time":"2 minutes"},"schema":{"@context":"https:\/\/schema.org","@graph":[{"@type":"WebPage","@id":"https:\/\/hotelfritz.com\/vorteile-hotelberatung\/","url":"https:\/\/hotelfritz.com\/vorteile-hotelberatung\/","name":"Vorteile einer Zusammenarbeit mit Hotel Fritz Consulting","isPartOf":{"@id":"https:\/\/hotelfritz.com\/#website"},"primaryImageOfPage":{"@id":"https:\/\/hotelfritz.com\/vorteile-hotelberatung\/#primaryimage"},"image":{"@id":"https:\/\/hotelfritz.com\/vorteile-hotelberatung\/#primaryimage"},"thumbnailUrl":"https:\/\/hotelfritz.com\/wp-content\/uploads\/2022\/10\/Hotelberatung-Hotel-Consulting-Hotelberater-Johannes-Fritz-Groebler-min.jpg","datePublished":"2023-01-31T08:55:07+00:00","dateModified":"2023-01-31T08:57:10+00:00","description":"Eine Zusammenarbeit mit einem Hotelberater kann viele Vorteile bringen. Hier sind einige Beispiele:Branchenkenntnisse: Ein erfahrener Hotelberater hat ein tiefes Verst\u00e4ndnis f\u00fcr die Hotelbranche und kann seine Erfahrung nutzen, um Probleme zu identifizieren und L\u00f6sungen zu entwickeln, die auf die spezifischen Bed\u00fcrfnisse des Hotels abgestimmt sind...","breadcrumb":{"@id":"https:\/\/hotelfritz.com\/vorteile-hotelberatung\/#breadcrumb"},"inLanguage":"en-US","potentialAction":[{"@type":"ReadAction","target":["https:\/\/hotelfritz.com\/vorteile-hotelberatung\/"]}]},{"@type":"ImageObject","inLanguage":"en-US","@id":"https:\/\/hotelfritz.com\/vorteile-hotelberatung\/#primaryimage","url":"https:\/\/hotelfritz.com\/wp-content\/uploads\/2022\/10\/Hotelberatung-Hotel-Consulting-Hotelberater-Johannes-Fritz-Groebler-min.jpg","contentUrl":"https:\/\/hotelfritz.com\/wp-content\/uploads\/2022\/10\/Hotelberatung-Hotel-Consulting-Hotelberater-Johannes-Fritz-Groebler-min.jpg","width":900,"height":900},{"@type":"BreadcrumbList","@id":"https:\/\/hotelfritz.com\/vorteile-hotelberatung\/#breadcrumb","itemListElement":[{"@type":"ListItem","position":1,"name":"Home","item":"https:\/\/hotelfritz.com\/"},{"@type":"ListItem","position":2,"name":"Hotelberatung Vorteile"}]},{"@type":"WebSite","@id":"https:\/\/hotelfritz.com\/#website","url":"https:\/\/hotelfritz.com\/","name":"Hotel Consulting - Hotelberatung Johannes Fritz Groebler","description":"hotelfritz.com","publisher":{"@id":"https:\/\/hotelfritz.com\/#organization"},"potentialAction":[{"@type":"SearchAction","target":{"@type":"EntryPoint","urlTemplate":"https:\/\/hotelfritz.com\/?s={search_term_string}"},"query-input":{"@type":"PropertyValueSpecification","valueRequired":true,"valueName":"search_term_string"}}],"inLanguage":"en-US"},{"@type":"Organization","@id":"https:\/\/hotelfritz.com\/#organization","name":"Hotel Fritz","url":"https:\/\/hotelfritz.com\/","logo":{"@type":"ImageObject","inLanguage":"en-US","@id":"https:\/\/hotelfritz.com\/#\/schema\/logo\/image\/","url":"https:\/\/hotelfritz.com\/wp-content\/uploads\/2021\/07\/logo-hotel-fritz-black.png","contentUrl":"https:\/\/hotelfritz.com\/wp-content\/uploads\/2021\/07\/logo-hotel-fritz-black.png","width":379,"height":60,"caption":"Hotel Fritz"},"image":{"@id":"https:\/\/hotelfritz.com\/#\/schema\/logo\/image\/"},"sameAs":["https:\/\/www.facebook.com\/johannes.f.groebler","https:\/\/x.com\/Hotel_Fritz","https:\/\/www.instagram.com\/hotelfritz_\/","https:\/\/www.pinterest.de\/JohannesFritzGroebler\/","https:\/\/www.linkedin.com\/in\/johannesgroebler\/","https:\/\/www.youtube.com\/channel\/UCTBxv_KtziYqXWm2a9DEjDA"]}]}},"_links":{"self":[{"href":"https:\/\/hotelfritz.com\/en\/wp-json\/wp\/v2\/pages\/6571","targetHints":{"allow":["GET"]}}],"collection":[{"href":"https:\/\/hotelfritz.com\/en\/wp-json\/wp\/v2\/pages"}],"about":[{"href":"https:\/\/hotelfritz.com\/en\/wp-json\/wp\/v2\/types\/page"}],"author":[{"embeddable":true,"href":"https:\/\/hotelfritz.com\/en\/wp-json\/wp\/v2\/users\/1"}],"replies":[{"embeddable":true,"href":"https:\/\/hotelfritz.com\/en\/wp-json\/wp\/v2\/comments?post=6571"}],"version-history":[{"count":4,"href":"https:\/\/hotelfritz.com\/en\/wp-json\/wp\/v2\/pages\/6571\/revisions"}],"predecessor-version":[{"id":6606,"href":"https:\/\/hotelfritz.com\/en\/wp-json\/wp\/v2\/pages\/6571\/revisions\/6606"}],"wp:featuredmedia":[{"embeddable":true,"href":"https:\/\/hotelfritz.com\/en\/wp-json\/wp\/v2\/media\/6139"}],"wp:attachment":[{"href":"https:\/\/hotelfritz.com\/en\/wp-json\/wp\/v2\/media?parent=6571"}],"curies":[{"name":"wp","href":"https:\/\/api.w.org\/{rel}","templated":true}]}}