{"id":5698,"date":"2021-12-07T09:50:08","date_gmt":"2021-12-07T09:50:08","guid":{"rendered":"https:\/\/hotelfritz.com\/?page_id=5698"},"modified":"2021-12-07T11:14:35","modified_gmt":"2021-12-07T11:14:35","slug":"end-time-hotel-jesus-christo","status":"publish","type":"page","link":"https:\/\/hotelfritz.com\/en\/end-time-hotel-jesus-christo\/","title":{"rendered":"Hotel Jesus Christo &#8211; End Time"},"content":{"rendered":"<section class=\"wpb-content-wrapper\"><div class=\"vc-row-container container\"><div class=\"vc_row wpb_row vc_row-fluid\"><div class=\"wpb_column vc_column_container vc_col-sm-6\"><div class=\"vc_column-inner\"><div class=\"wpb_wrapper\">\n\t<div  class=\"wpb_single_image wpb_content_element vc_align_left\">\n\t\t\n\t\t<figure class=\"wpb_wrapper vc_figure\">\n\t\t\t<div class=\"vc_single_image-wrapper   vc_box_border_grey\"><img loading=\"lazy\" decoding=\"async\" width=\"800\" height=\"800\" src=\"https:\/\/hotelfritz.com\/wp-content\/uploads\/2021\/12\/Hotel-Jesus-Christ-The-Endtime-Johannes-Fritz-Groebler-min.jpg\" class=\"vc_single_image-img attachment-full\" alt=\"\" title=\"Hotel Jesus Christ - The Endtime - Johannes Fritz Groebler-min\" srcset=\"https:\/\/hotelfritz.com\/wp-content\/uploads\/2021\/12\/Hotel-Jesus-Christ-The-Endtime-Johannes-Fritz-Groebler-min.jpg 800w, https:\/\/hotelfritz.com\/wp-content\/uploads\/2021\/12\/Hotel-Jesus-Christ-The-Endtime-Johannes-Fritz-Groebler-min-300x300.jpg 300w, https:\/\/hotelfritz.com\/wp-content\/uploads\/2021\/12\/Hotel-Jesus-Christ-The-Endtime-Johannes-Fritz-Groebler-min-150x150.jpg 150w, https:\/\/hotelfritz.com\/wp-content\/uploads\/2021\/12\/Hotel-Jesus-Christ-The-Endtime-Johannes-Fritz-Groebler-min-768x768.jpg 768w, https:\/\/hotelfritz.com\/wp-content\/uploads\/2021\/12\/Hotel-Jesus-Christ-The-Endtime-Johannes-Fritz-Groebler-min-12x12.jpg 12w, https:\/\/hotelfritz.com\/wp-content\/uploads\/2021\/12\/Hotel-Jesus-Christ-The-Endtime-Johannes-Fritz-Groebler-min-468x468.jpg 468w, https:\/\/hotelfritz.com\/wp-content\/uploads\/2021\/12\/Hotel-Jesus-Christ-The-Endtime-Johannes-Fritz-Groebler-min-558x558.jpg 558w, https:\/\/hotelfritz.com\/wp-content\/uploads\/2021\/12\/Hotel-Jesus-Christ-The-Endtime-Johannes-Fritz-Groebler-min-655x655.jpg 655w\" sizes=\"auto, (max-width: 800px) 100vw, 800px\" \/><\/div>\n\t\t<\/figure>\n\t<\/div>\n<\/div><\/div><\/div><div class=\"wpb_column vc_column_container vc_col-sm-6\"><div class=\"vc_column-inner\"><div class=\"wpb_wrapper\"><div class=\"section-title\">\n    <h2>The End Time - 100 Bible Verses<\/h2>\n<p>Shalom - and welcome to the Hotel Jesus Christo <\/p>\n<\/div>\n\t<div class=\"wpb_text_column wpb_content_element  post-formatting\" >\n\t\t<div class=\"wpb_wrapper\">\n\t\t\t<p>The world is changing faster than ever. Unfortunately in a direction that we did not think possible. There are so many terrible disasters around the world such as <strong>natural disasters, global warming, earthquakes, environmental accidents, wars &amp; rumors of wars, famines, diseases, pestilances, conflicts<\/strong> and also the <strong>economy<\/strong> is slowly collapsing globally. The global events we are heading towards are getting worse and worse, and we all wish to live in another world - a clean and peaceful world. We all ask ourself\u00b4s: \"what's coming next\"? Apostle John describes \"the Apocalypse\" in the Bible (the of Revelation). Nobody knows when all these events will take place. During the Lockdowns 2020\/2021 I studied the Bible and summarized over 100 Bible verses that are well worth reading. Welcome to the Hotel Jesus Christo. A hotel full of light, truth, love, wisdom and hope. Peace be with you (John 20:21). <em>(E-Book language: English &amp; German)<\/em><\/p>\n\n\t\t<\/div>\n\t<\/div>\n<div class=\"section-title\">\n    <h2>Download the e-book for free as a PDF file<\/h2>\n<\/div>\n\t<div class=\"wpb_text_column wpb_content_element  post-formatting\" >\n\t\t<div class=\"wpb_wrapper\">\n\t\t\t    <div class=\"std-form-wrap std-template-3 std-the_end_time\">\n    <form method=\"post\" action=\"\" class=\"std-subscription-form\" data-form-alias=\"the_end_time\" data-trp-original-action=\"\">\n\n        <div class=\"both-fields-wrap\">\n\n        <!--Email Field-->\n    <div class=\"std-field-wrap has-pre-icon\">\n        <label for=\"std_email\" class=\"sr-only std-hidden-item\">Email<\/label>\n        <input type=\"email\" name=\"std_email\" class=\"std-email\" placeholder=\"Email\"\/>\n        <i class=\"far fa-envelope\"><\/i>\n    <\/div>\n    <!-- Email Field-->\n<\/div>\n\n\n<!-- Subscribe Button-->\n<div class=\"std-field-wrap std-btn-parent\">\n    <input type=\"submit\" name=\"std_form_submit\" class=\"std-form-submit\" value=\"Download Free PDF E-Book\"\/>\n\n<\/div>\n\n\n\n    <div class=\"std-footer-text\">When you register and send the mail, you confirm to our privacy policy.<\/div>\n    \n<div class=\"std-form-message\"><\/div>\n<span class=\"std-form-loader-wraper\">\n    <div class=\"std-form-loader std-form-loader-1\">Loading...<\/div>\n<\/span>\n    <input type=\"hidden\" name=\"trp-form-language\" value=\"en\"\/><\/form>\n<\/div>\n\n\t\t<\/div>\n\t<\/div>\n<\/div><\/div><\/div><\/div><\/div><div class=\"vc-row-container container\"><div class=\"vc_row wpb_row vc_row-fluid\"><div class=\"wpb_column vc_column_container vc_col-sm-12\"><div class=\"vc_column-inner\"><div class=\"wpb_wrapper\"><div class=\"vc_separator wpb_content_element vc_separator_align_center vc_sep_width_100 vc_sep_pos_align_center vc_separator_no_text vc_sep_color_grey\" ><span class=\"vc_sep_holder vc_sep_holder_l\"><span class=\"vc_sep_line\"><\/span><\/span><span class=\"vc_sep_holder vc_sep_holder_r\"><span class=\"vc_sep_line\"><\/span><\/span>\n<\/div><\/div><\/div><\/div><\/div><\/div><div class=\"vc-row-container container\"><div class=\"vc_row wpb_row vc_row-fluid\"><div class=\"wpb_column vc_column_container vc_col-sm-12\"><div class=\"vc_column-inner\"><div class=\"wpb_wrapper\">\n\t<div class=\"wpb_text_column wpb_content_element  post-formatting\" >\n\t\t<div class=\"wpb_wrapper\">\n\t\t\t<p style=\"text-align: center;\">All PDF files are <strong>limited.<\/strong>Only for <strong>personal use<\/strong>. <strong>Non-Commercial.<\/strong>Not for <strong>sale<\/strong>.<\/p>\n\n\t\t<\/div>\n\t<\/div>\n<\/div><\/div><\/div><\/div><\/div>\n<\/section>","protected":false},"excerpt":{"rendered":"The End Time - 100 Bible Verses Schalom \u2013 und Herzlichen Willkommen im Hotel Jesus Christo Die Welt ver\u00e4ndert sich schneller denn je. Leider in eine Richtung, die wir nicht f\u00fcr m\u00f6glich gehalten haben. Es gibt so viele schreckliche Katastrophen auf der ganzen Welt wie Naturkatastrophen, globale Erw\u00e4rmung, Umweltunf\u00e4lle, Kriege, Hungersn\u00f6te, Krankheiten, Konflikte und auch&hellip;","protected":false},"author":1,"featured_media":0,"parent":0,"menu_order":0,"comment_status":"closed","ping_status":"closed","template":"","meta":{"footnotes":""},"class_list":["post-5698","page","type-page","status-publish","hentry"],"acf":[],"yoast_head":"<!-- This site is optimized with the Yoast SEO plugin v27.4 - https:\/\/yoast.com\/product\/yoast-seo-wordpress\/ -->\n<title>Hotel Jesus Christo - End Time | Hotel Consulting - Hotelberatung Johannes Fritz Groebler<\/title>\n<meta name=\"robots\" content=\"index, follow, max-snippet:-1, max-image-preview:large, max-video-preview:-1\" \/>\n<link rel=\"canonical\" href=\"https:\/\/hotelfritz.com\/en\/end-time-hotel-jesus-christo\/\" \/>\n<meta property=\"og:locale\" content=\"en_US\" \/>\n<meta property=\"og:type\" content=\"article\" \/>\n<meta property=\"og:title\" content=\"Hotel Jesus Christo - End Time | Hotel Consulting - Hotelberatung Johannes Fritz Groebler\" \/>\n<meta property=\"og:url\" content=\"https:\/\/hotelfritz.com\/en\/end-time-hotel-jesus-christo\/\" \/>\n<meta property=\"og:site_name\" content=\"Hotel Consulting - Hotelberatung Johannes Fritz Groebler\" \/>\n<meta property=\"article:publisher\" content=\"https:\/\/www.facebook.com\/johannes.f.groebler\" \/>\n<meta name=\"twitter:card\" content=\"summary_large_image\" \/>\n<meta name=\"twitter:site\" content=\"@Hotel_Fritz\" \/>\n<meta name=\"twitter:label1\" content=\"Est. reading time\" \/>\n\t<meta name=\"twitter:data1\" content=\"2 minutes\" \/>\n<!-- \/ Yoast SEO plugin. -->","yoast_head_json":{"title":"Hotel Jesus Christo - End Time | Hotel Consulting - Hotelberatung Johannes Fritz Groebler","robots":{"index":"index","follow":"follow","max-snippet":"max-snippet:-1","max-image-preview":"max-image-preview:large","max-video-preview":"max-video-preview:-1"},"canonical":"https:\/\/hotelfritz.com\/en\/end-time-hotel-jesus-christo\/","og_locale":"en_US","og_type":"article","og_title":"Hotel Jesus Christo - End Time | Hotel Consulting - Hotelberatung Johannes Fritz Groebler","og_url":"https:\/\/hotelfritz.com\/en\/end-time-hotel-jesus-christo\/","og_site_name":"Hotel Consulting - Hotelberatung Johannes Fritz Groebler","article_publisher":"https:\/\/www.facebook.com\/johannes.f.groebler","twitter_card":"summary_large_image","twitter_site":"@Hotel_Fritz","twitter_misc":{"Est. reading time":"2 minutes"},"schema":{"@context":"https:\/\/schema.org","@graph":[{"@type":"WebPage","@id":"https:\/\/hotelfritz.com\/end-time-hotel-jesus-christo\/","url":"https:\/\/hotelfritz.com\/end-time-hotel-jesus-christo\/","name":"Hotel Jesus Christo - End Time | Hotel Consulting - Hotelberatung Johannes Fritz Groebler","isPartOf":{"@id":"https:\/\/hotelfritz.com\/#website"},"datePublished":"2021-12-07T09:50:08+00:00","dateModified":"2021-12-07T11:14:35+00:00","breadcrumb":{"@id":"https:\/\/hotelfritz.com\/end-time-hotel-jesus-christo\/#breadcrumb"},"inLanguage":"en-US","potentialAction":[{"@type":"ReadAction","target":["https:\/\/hotelfritz.com\/end-time-hotel-jesus-christo\/"]}]},{"@type":"BreadcrumbList","@id":"https:\/\/hotelfritz.com\/end-time-hotel-jesus-christo\/#breadcrumb","itemListElement":[{"@type":"ListItem","position":1,"name":"Home","item":"https:\/\/hotelfritz.com\/"},{"@type":"ListItem","position":2,"name":"Hotel Jesus Christo &#8211; End Time"}]},{"@type":"WebSite","@id":"https:\/\/hotelfritz.com\/#website","url":"https:\/\/hotelfritz.com\/","name":"Hotel Consulting - Hotelberatung Johannes Fritz Groebler","description":"hotelfritz.com","publisher":{"@id":"https:\/\/hotelfritz.com\/#organization"},"potentialAction":[{"@type":"SearchAction","target":{"@type":"EntryPoint","urlTemplate":"https:\/\/hotelfritz.com\/?s={search_term_string}"},"query-input":{"@type":"PropertyValueSpecification","valueRequired":true,"valueName":"search_term_string"}}],"inLanguage":"en-US"},{"@type":"Organization","@id":"https:\/\/hotelfritz.com\/#organization","name":"Hotel Fritz","url":"https:\/\/hotelfritz.com\/","logo":{"@type":"ImageObject","inLanguage":"en-US","@id":"https:\/\/hotelfritz.com\/#\/schema\/logo\/image\/","url":"https:\/\/hotelfritz.com\/wp-content\/uploads\/2021\/07\/logo-hotel-fritz-black.png","contentUrl":"https:\/\/hotelfritz.com\/wp-content\/uploads\/2021\/07\/logo-hotel-fritz-black.png","width":379,"height":60,"caption":"Hotel Fritz"},"image":{"@id":"https:\/\/hotelfritz.com\/#\/schema\/logo\/image\/"},"sameAs":["https:\/\/www.facebook.com\/johannes.f.groebler","https:\/\/x.com\/Hotel_Fritz","https:\/\/www.instagram.com\/hotelfritz_\/","https:\/\/www.pinterest.de\/JohannesFritzGroebler\/","https:\/\/www.linkedin.com\/in\/johannesgroebler\/","https:\/\/www.youtube.com\/channel\/UCTBxv_KtziYqXWm2a9DEjDA"]}]}},"_links":{"self":[{"href":"https:\/\/hotelfritz.com\/en\/wp-json\/wp\/v2\/pages\/5698","targetHints":{"allow":["GET"]}}],"collection":[{"href":"https:\/\/hotelfritz.com\/en\/wp-json\/wp\/v2\/pages"}],"about":[{"href":"https:\/\/hotelfritz.com\/en\/wp-json\/wp\/v2\/types\/page"}],"author":[{"embeddable":true,"href":"https:\/\/hotelfritz.com\/en\/wp-json\/wp\/v2\/users\/1"}],"replies":[{"embeddable":true,"href":"https:\/\/hotelfritz.com\/en\/wp-json\/wp\/v2\/comments?post=5698"}],"version-history":[{"count":3,"href":"https:\/\/hotelfritz.com\/en\/wp-json\/wp\/v2\/pages\/5698\/revisions"}],"predecessor-version":[{"id":5703,"href":"https:\/\/hotelfritz.com\/en\/wp-json\/wp\/v2\/pages\/5698\/revisions\/5703"}],"wp:attachment":[{"href":"https:\/\/hotelfritz.com\/en\/wp-json\/wp\/v2\/media?parent=5698"}],"curies":[{"name":"wp","href":"https:\/\/api.w.org\/{rel}","templated":true}]}}