{"id":4605,"date":"2021-07-28T07:56:05","date_gmt":"2021-07-28T07:56:05","guid":{"rendered":"http:\/\/hotelfritz.com\/?page_id=4605"},"modified":"2023-07-27T17:46:32","modified_gmt":"2023-07-27T17:46:32","slug":"referenzen-projekte","status":"publish","type":"page","link":"https:\/\/hotelfritz.com\/en\/referenzen-projekte\/","title":{"rendered":"References"},"content":{"rendered":"<section class=\"wpb-content-wrapper\"><div class=\"vc-row-container container\"><div class=\"vc_row wpb_row vc_row-fluid\"><div class=\"wpb_column vc_column_container vc_col-sm-6\"><div class=\"vc_column-inner\"><div class=\"wpb_wrapper\">\n\t<div class=\"wpb_text_column wpb_content_element  post-formatting\" >\n\t\t<div class=\"wpb_wrapper\">\n\t\t\t<p>Our hotel consulting agency offers a comprehensive range of services tailored to the needs and challenges of the hospitality industry. One of our key services is reviewing the profitability and business plans of hotels. Our experienced team of industry experts has the know-how and expertise to review and optimize hotel business plans. We analyze current financial metrics and create realistic projections to ensure your hotel is economically successful in the long term.<\/p>\n\n\t\t<\/div>\n\t<\/div>\n<\/div><\/div><\/div><div class=\"wpb_column vc_column_container vc_col-sm-6\"><div class=\"vc_column-inner\"><div class=\"wpb_wrapper\">\n\t<div class=\"wpb_text_column wpb_content_element  post-formatting\" >\n\t\t<div class=\"wpb_wrapper\">\n\t\t\t<p>Our goal is to develop tailored solutions that meet your needs and are customized to your specific challenges. We help you increase your competitiveness and maximize your profitability. If you are looking for a reliable partner to assist you with creating business plans and reviewing the profitability of your hotel, you have come to the right place. Contact us today to learn more about our services and how we can help optimize your hotel business.<\/p>\n\n\t\t<\/div>\n\t<\/div>\n<a href=\"https:\/\/calendly.com\/hotelfritz\/10-15min\" title=\"Get in contact with me\" target=\"_blank\" class=\"laborator-btn btn btn-index-1 btn-type-fliphover  btn-type-outlined btn-black btn-large\">Make an appointment<\/a>\n<\/div><\/div><\/div><\/div><\/div>\n<\/section>","protected":false},"excerpt":{"rendered":"Unsere Agentur f\u00fcr Hotelberatung bietet eine umfassende Palette von Dienstleistungen, die auf die Bed\u00fcrfnisse und Herausforderungen der Hotellerie zugeschnitten sind. Eine unserer wichtigsten Dienstleistungen ist die Pr\u00fcfung von Wirtschaftlichkeit und Businesspl\u00e4nen f\u00fcr Hotels. Unser erfahrenes Team von Branchenexperten verf\u00fcgt \u00fcber das Know-how und die Kompetenz, um Businesspl\u00e4ne von Hotels zu \u00fcberpr\u00fcfen und zu optimieren. Wir&hellip;","protected":false},"author":1,"featured_media":6622,"parent":0,"menu_order":0,"comment_status":"open","ping_status":"closed","template":"portfolio.php","meta":{"footnotes":""},"class_list":["post-4605","page","type-page","status-publish","has-post-thumbnail","hentry"],"acf":[],"yoast_head":"<!-- This site is optimized with the Yoast SEO plugin v27.4 - https:\/\/yoast.com\/product\/yoast-seo-wordpress\/ -->\n<title>Referenzen von Johannes Fritz Groebler - Hotel Fritz<\/title>\n<meta name=\"description\" content=\"Als Hotelberater und Hotelexperte ist es nat\u00fcrlich wichtig, \u00fcber das entsprechende Fachwissen zu verf\u00fcgen. Hier finden Sie meine Referenzen!\" \/>\n<meta name=\"robots\" content=\"index, follow, max-snippet:-1, max-image-preview:large, max-video-preview:-1\" \/>\n<link rel=\"canonical\" href=\"https:\/\/hotelfritz.com\/en\/referenzen-projekte\/\" \/>\n<meta property=\"og:locale\" content=\"en_US\" \/>\n<meta property=\"og:type\" content=\"article\" \/>\n<meta property=\"og:title\" content=\"Referenzen von Johannes Fritz Groebler - Hotel Fritz\" \/>\n<meta property=\"og:description\" content=\"Als Hotelberater und Hotelexperte ist es nat\u00fcrlich wichtig, \u00fcber das entsprechende Fachwissen zu verf\u00fcgen. Hier finden Sie meine Referenzen!\" \/>\n<meta property=\"og:url\" content=\"https:\/\/hotelfritz.com\/en\/referenzen-projekte\/\" \/>\n<meta property=\"og:site_name\" content=\"Hotel Consulting - Hotelberatung Johannes Fritz Groebler\" \/>\n<meta property=\"article:publisher\" content=\"https:\/\/www.facebook.com\/johannes.f.groebler\" \/>\n<meta property=\"og:image\" content=\"https:\/\/hotelfritz.com\/wp-content\/uploads\/2023\/04\/hotelberatung-hotelberater-hotel-consulting-hotel-consultant-johannes-fritz-groebler-www.hotelfritz.com-hotel-real-estate-hotelimmobilien.jpg\" \/>\n\t<meta property=\"og:image:width\" content=\"640\" \/>\n\t<meta property=\"og:image:height\" content=\"640\" \/>\n\t<meta property=\"og:image:type\" content=\"image\/jpeg\" \/>\n<meta name=\"twitter:card\" content=\"summary_large_image\" \/>\n<meta name=\"twitter:site\" content=\"@Hotel_Fritz\" \/>\n<meta name=\"twitter:label1\" content=\"Est. reading time\" \/>\n\t<meta name=\"twitter:data1\" content=\"1 minute\" \/>\n<!-- \/ Yoast SEO plugin. -->","yoast_head_json":{"title":"Referenzen von Johannes Fritz Groebler - Hotel Fritz","description":"Als Hotelberater und Hotelexperte ist es nat\u00fcrlich wichtig, \u00fcber das entsprechende Fachwissen zu verf\u00fcgen. Hier finden Sie meine Referenzen!","robots":{"index":"index","follow":"follow","max-snippet":"max-snippet:-1","max-image-preview":"max-image-preview:large","max-video-preview":"max-video-preview:-1"},"canonical":"https:\/\/hotelfritz.com\/en\/referenzen-projekte\/","og_locale":"en_US","og_type":"article","og_title":"Referenzen von Johannes Fritz Groebler - Hotel Fritz","og_description":"Als Hotelberater und Hotelexperte ist es nat\u00fcrlich wichtig, \u00fcber das entsprechende Fachwissen zu verf\u00fcgen. Hier finden Sie meine Referenzen!","og_url":"https:\/\/hotelfritz.com\/en\/referenzen-projekte\/","og_site_name":"Hotel Consulting - Hotelberatung Johannes Fritz Groebler","article_publisher":"https:\/\/www.facebook.com\/johannes.f.groebler","og_image":[{"width":640,"height":640,"url":"https:\/\/hotelfritz.com\/wp-content\/uploads\/2023\/04\/hotelberatung-hotelberater-hotel-consulting-hotel-consultant-johannes-fritz-groebler-www.hotelfritz.com-hotel-real-estate-hotelimmobilien.jpg","type":"image\/jpeg"}],"twitter_card":"summary_large_image","twitter_site":"@Hotel_Fritz","twitter_misc":{"Est. reading time":"1 minute"},"schema":{"@context":"https:\/\/schema.org","@graph":[{"@type":"WebPage","@id":"https:\/\/hotelfritz.com\/referenzen-projekte\/","url":"https:\/\/hotelfritz.com\/referenzen-projekte\/","name":"Referenzen von Johannes Fritz Groebler - Hotel Fritz","isPartOf":{"@id":"https:\/\/hotelfritz.com\/#website"},"primaryImageOfPage":{"@id":"https:\/\/hotelfritz.com\/referenzen-projekte\/#primaryimage"},"image":{"@id":"https:\/\/hotelfritz.com\/referenzen-projekte\/#primaryimage"},"thumbnailUrl":"https:\/\/hotelfritz.com\/wp-content\/uploads\/2023\/04\/hotelberatung-hotelberater-hotel-consulting-hotel-consultant-johannes-fritz-groebler-www.hotelfritz.com-hotel-real-estate-hotelimmobilien.jpg","datePublished":"2021-07-28T07:56:05+00:00","dateModified":"2023-07-27T17:46:32+00:00","description":"Als Hotelberater und Hotelexperte ist es nat\u00fcrlich wichtig, \u00fcber das entsprechende Fachwissen zu verf\u00fcgen. Hier finden Sie meine Referenzen!","breadcrumb":{"@id":"https:\/\/hotelfritz.com\/referenzen-projekte\/#breadcrumb"},"inLanguage":"en-US","potentialAction":[{"@type":"ReadAction","target":["https:\/\/hotelfritz.com\/referenzen-projekte\/"]}]},{"@type":"ImageObject","inLanguage":"en-US","@id":"https:\/\/hotelfritz.com\/referenzen-projekte\/#primaryimage","url":"https:\/\/hotelfritz.com\/wp-content\/uploads\/2023\/04\/hotelberatung-hotelberater-hotel-consulting-hotel-consultant-johannes-fritz-groebler-www.hotelfritz.com-hotel-real-estate-hotelimmobilien.jpg","contentUrl":"https:\/\/hotelfritz.com\/wp-content\/uploads\/2023\/04\/hotelberatung-hotelberater-hotel-consulting-hotel-consultant-johannes-fritz-groebler-www.hotelfritz.com-hotel-real-estate-hotelimmobilien.jpg","width":640,"height":640},{"@type":"BreadcrumbList","@id":"https:\/\/hotelfritz.com\/referenzen-projekte\/#breadcrumb","itemListElement":[{"@type":"ListItem","position":1,"name":"Home","item":"https:\/\/hotelfritz.com\/"},{"@type":"ListItem","position":2,"name":"Referenzen"}]},{"@type":"WebSite","@id":"https:\/\/hotelfritz.com\/#website","url":"https:\/\/hotelfritz.com\/","name":"Hotel Consulting - Hotelberatung Johannes Fritz Groebler","description":"hotelfritz.com","publisher":{"@id":"https:\/\/hotelfritz.com\/#organization"},"potentialAction":[{"@type":"SearchAction","target":{"@type":"EntryPoint","urlTemplate":"https:\/\/hotelfritz.com\/?s={search_term_string}"},"query-input":{"@type":"PropertyValueSpecification","valueRequired":true,"valueName":"search_term_string"}}],"inLanguage":"en-US"},{"@type":"Organization","@id":"https:\/\/hotelfritz.com\/#organization","name":"Hotel Fritz","url":"https:\/\/hotelfritz.com\/","logo":{"@type":"ImageObject","inLanguage":"en-US","@id":"https:\/\/hotelfritz.com\/#\/schema\/logo\/image\/","url":"https:\/\/hotelfritz.com\/wp-content\/uploads\/2021\/07\/logo-hotel-fritz-black.png","contentUrl":"https:\/\/hotelfritz.com\/wp-content\/uploads\/2021\/07\/logo-hotel-fritz-black.png","width":379,"height":60,"caption":"Hotel Fritz"},"image":{"@id":"https:\/\/hotelfritz.com\/#\/schema\/logo\/image\/"},"sameAs":["https:\/\/www.facebook.com\/johannes.f.groebler","https:\/\/x.com\/Hotel_Fritz","https:\/\/www.instagram.com\/hotelfritz_\/","https:\/\/www.pinterest.de\/JohannesFritzGroebler\/","https:\/\/www.linkedin.com\/in\/johannesgroebler\/","https:\/\/www.youtube.com\/channel\/UCTBxv_KtziYqXWm2a9DEjDA"]}]}},"_links":{"self":[{"href":"https:\/\/hotelfritz.com\/en\/wp-json\/wp\/v2\/pages\/4605","targetHints":{"allow":["GET"]}}],"collection":[{"href":"https:\/\/hotelfritz.com\/en\/wp-json\/wp\/v2\/pages"}],"about":[{"href":"https:\/\/hotelfritz.com\/en\/wp-json\/wp\/v2\/types\/page"}],"author":[{"embeddable":true,"href":"https:\/\/hotelfritz.com\/en\/wp-json\/wp\/v2\/users\/1"}],"replies":[{"embeddable":true,"href":"https:\/\/hotelfritz.com\/en\/wp-json\/wp\/v2\/comments?post=4605"}],"version-history":[{"count":9,"href":"https:\/\/hotelfritz.com\/en\/wp-json\/wp\/v2\/pages\/4605\/revisions"}],"predecessor-version":[{"id":6671,"href":"https:\/\/hotelfritz.com\/en\/wp-json\/wp\/v2\/pages\/4605\/revisions\/6671"}],"wp:featuredmedia":[{"embeddable":true,"href":"https:\/\/hotelfritz.com\/en\/wp-json\/wp\/v2\/media\/6622"}],"wp:attachment":[{"href":"https:\/\/hotelfritz.com\/en\/wp-json\/wp\/v2\/media?parent=4605"}],"curies":[{"name":"wp","href":"https:\/\/api.w.org\/{rel}","templated":true}]}}