{"id":3576,"date":"2015-03-20T12:47:49","date_gmt":"2015-03-20T12:47:49","guid":{"rendered":"http:\/\/demo-content.kaliumtheme.com\/main\/?page_id=3576"},"modified":"2022-12-08T16:25:46","modified_gmt":"2022-12-08T16:25:46","slug":"hotel-marketing","status":"publish","type":"page","link":"https:\/\/hotelfritz.com\/en\/hotel-marketing\/","title":{"rendered":"Hotel Marketing"},"content":{"rendered":"<section class=\"wpb-content-wrapper\"><div class=\"vc-row-container container\"><div class=\"vc_row wpb_row vc_row-fluid\"><div class=\"wpb_column vc_column_container vc_col-sm-6\"><div class=\"vc_column-inner\"><div class=\"wpb_wrapper\">\n\t<div class=\"wpb_text_column wpb_content_element  post-formatting\" >\n\t\t<div class=\"wpb_wrapper\">\n\t\t\t<p>More \u201cTurbo\u201d in hotel marketing: Do you have a hotel and need more bookings? Do you do a lot but still lack sales? Have you thought of great campaigns but are not reaching your target group? Often there is not enough time in day-to-day operations for marketing. I can help here! I will help you to market your hotel and your service successfully, so that you achieve a higher reach, generate more bookings, and thus generate more revenue. That is exactly our goal:<\/p>\n<ul>\n<li>Hotel Offer \/ Service<\/li>\n<li>Achieve reach<\/li>\n<li>Generate bookings<\/li>\n<li>Record sales, Increase Revenue (Profit)<\/li>\n<\/ul>\n<p>&nbsp;<\/p>\n\n\t\t<\/div>\n\t<\/div>\n<\/div><\/div><\/div><div class=\"wpb_column vc_column_container vc_col-sm-6\"><div class=\"vc_column-inner\"><div class=\"wpb_wrapper\">\n\t<div class=\"wpb_text_column wpb_content_element  post-formatting\" >\n\t\t<div class=\"wpb_wrapper\">\n\t\t\t<p>The theory tells us: To sell the hotel service at the right time, in the right place, at the right price, through the right distribution channel, to the right guests \/ customers, with the right communication, and with the best possible profit. Digitization and the possibilities in the online world help us with this nowadays.<\/p>\n<p>With Hotel Fritz we can cover many marketing topics ourselves and with partners. Be it a new homepage, website evaluation, newsletter, social media campaigns, search engine advertising, print ads, campaigns, content, evaluation of guest numbers, increasing bookings, events, brands, support in sales and much more.<\/p>\n<p>If you need support in marketing or sales, you can reach Hotel Fritz here: <a href=\"mailto:hello@hotelfritz.com\">hello@hotelfritz.com<\/a><\/p>\n\n\t\t<\/div>\n\t<\/div>\n<a href=\"https:\/\/calendly.com\/hotelfritz\/10-15min\" title=\"Get in contact with me\" target=\"_blank\" class=\"laborator-btn btn btn-index-1 btn-type-fliphover  btn-type-outlined btn-black btn-normal\">Jetzt Erstgespr\u00e4ch vereinbaren<\/a>\n<\/div><\/div><\/div><\/div><\/div>\n<\/section>","protected":false},"excerpt":{"rendered":"Mehr Turbo im Hotel Marketing: Sie haben ein Hotel und ben\u00f6tigen mehr Buchungen? Sie machen vieles, aber es fehlt trotzdem an Umsatz? Sie haben sich gro\u00dfartige Aktionen \u00fcberlegt, erreichen aber nicht ihre Zielgruppe? Oft fehlt die notwendige Zeit im operativen Tagesgesch\u00e4ft f\u00fcr Marketing. Ich kann hier helfen! Ich helfe Ihnen dabei Ihre Dienstleistung, Angebot oder&hellip;","protected":false},"author":1,"featured_media":0,"parent":0,"menu_order":0,"comment_status":"open","ping_status":"closed","template":"portfolio.php","meta":{"footnotes":""},"class_list":["post-3576","page","type-page","status-publish","hentry"],"acf":[],"yoast_head":"<!-- This site is optimized with the Yoast SEO plugin v27.4 - https:\/\/yoast.com\/product\/yoast-seo-wordpress\/ -->\n<title>Hotel Marketing | Hotel Vertrieb - Hotel Fritz<\/title>\n<meta name=\"description\" content=\"Mit dem richtigen hotel marketing deine vertriebskan\u00e4le optimieren. Ich helfe ihnen dabei ihre hotel erfolgreich zu vermarkten.\" \/>\n<meta name=\"robots\" content=\"index, follow, max-snippet:-1, max-image-preview:large, max-video-preview:-1\" \/>\n<link rel=\"canonical\" href=\"https:\/\/hotelfritz.com\/en\/hotel-marketing\/\" \/>\n<meta property=\"og:locale\" content=\"en_US\" \/>\n<meta property=\"og:type\" content=\"article\" \/>\n<meta property=\"og:title\" content=\"Hotel Marketing | Hotel Vertrieb - Hotel Fritz\" \/>\n<meta property=\"og:description\" content=\"Mit dem richtigen hotel marketing deine vertriebskan\u00e4le optimieren. Ich helfe ihnen dabei ihre hotel erfolgreich zu vermarkten.\" \/>\n<meta property=\"og:url\" content=\"https:\/\/hotelfritz.com\/en\/hotel-marketing\/\" \/>\n<meta property=\"og:site_name\" content=\"Hotel Consulting - Hotelberatung Johannes Fritz Groebler\" \/>\n<meta property=\"article:publisher\" content=\"https:\/\/www.facebook.com\/johannes.f.groebler\" \/>\n<meta name=\"twitter:card\" content=\"summary_large_image\" \/>\n<meta name=\"twitter:site\" content=\"@Hotel_Fritz\" \/>\n<meta name=\"twitter:label1\" content=\"Est. reading time\" \/>\n\t<meta name=\"twitter:data1\" content=\"1 minute\" \/>\n<!-- \/ Yoast SEO plugin. -->","yoast_head_json":{"title":"Hotel Marketing | Hotel Vertrieb - Hotel Fritz","description":"Mit dem richtigen hotel marketing deine vertriebskan\u00e4le optimieren. Ich helfe ihnen dabei ihre hotel erfolgreich zu vermarkten.","robots":{"index":"index","follow":"follow","max-snippet":"max-snippet:-1","max-image-preview":"max-image-preview:large","max-video-preview":"max-video-preview:-1"},"canonical":"https:\/\/hotelfritz.com\/en\/hotel-marketing\/","og_locale":"en_US","og_type":"article","og_title":"Hotel Marketing | Hotel Vertrieb - Hotel Fritz","og_description":"Mit dem richtigen hotel marketing deine vertriebskan\u00e4le optimieren. Ich helfe ihnen dabei ihre hotel erfolgreich zu vermarkten.","og_url":"https:\/\/hotelfritz.com\/en\/hotel-marketing\/","og_site_name":"Hotel Consulting - Hotelberatung Johannes Fritz Groebler","article_publisher":"https:\/\/www.facebook.com\/johannes.f.groebler","twitter_card":"summary_large_image","twitter_site":"@Hotel_Fritz","twitter_misc":{"Est. reading time":"1 minute"},"schema":{"@context":"https:\/\/schema.org","@graph":[{"@type":"WebPage","@id":"https:\/\/hotelfritz.com\/hotel-marketing\/","url":"https:\/\/hotelfritz.com\/hotel-marketing\/","name":"Hotel Marketing | Hotel Vertrieb - Hotel Fritz","isPartOf":{"@id":"https:\/\/hotelfritz.com\/#website"},"datePublished":"2015-03-20T12:47:49+00:00","dateModified":"2022-12-08T16:25:46+00:00","description":"Mit dem richtigen hotel marketing deine vertriebskan\u00e4le optimieren. Ich helfe ihnen dabei ihre hotel erfolgreich zu vermarkten.","breadcrumb":{"@id":"https:\/\/hotelfritz.com\/hotel-marketing\/#breadcrumb"},"inLanguage":"en-US","potentialAction":[{"@type":"ReadAction","target":["https:\/\/hotelfritz.com\/hotel-marketing\/"]}]},{"@type":"BreadcrumbList","@id":"https:\/\/hotelfritz.com\/hotel-marketing\/#breadcrumb","itemListElement":[{"@type":"ListItem","position":1,"name":"Home","item":"https:\/\/hotelfritz.com\/"},{"@type":"ListItem","position":2,"name":"Hotel Marketing"}]},{"@type":"WebSite","@id":"https:\/\/hotelfritz.com\/#website","url":"https:\/\/hotelfritz.com\/","name":"Hotel Consulting - Hotelberatung Johannes Fritz Groebler","description":"hotelfritz.com","publisher":{"@id":"https:\/\/hotelfritz.com\/#organization"},"potentialAction":[{"@type":"SearchAction","target":{"@type":"EntryPoint","urlTemplate":"https:\/\/hotelfritz.com\/?s={search_term_string}"},"query-input":{"@type":"PropertyValueSpecification","valueRequired":true,"valueName":"search_term_string"}}],"inLanguage":"en-US"},{"@type":"Organization","@id":"https:\/\/hotelfritz.com\/#organization","name":"Hotel Fritz","url":"https:\/\/hotelfritz.com\/","logo":{"@type":"ImageObject","inLanguage":"en-US","@id":"https:\/\/hotelfritz.com\/#\/schema\/logo\/image\/","url":"https:\/\/hotelfritz.com\/wp-content\/uploads\/2021\/07\/logo-hotel-fritz-black.png","contentUrl":"https:\/\/hotelfritz.com\/wp-content\/uploads\/2021\/07\/logo-hotel-fritz-black.png","width":379,"height":60,"caption":"Hotel Fritz"},"image":{"@id":"https:\/\/hotelfritz.com\/#\/schema\/logo\/image\/"},"sameAs":["https:\/\/www.facebook.com\/johannes.f.groebler","https:\/\/x.com\/Hotel_Fritz","https:\/\/www.instagram.com\/hotelfritz_\/","https:\/\/www.pinterest.de\/JohannesFritzGroebler\/","https:\/\/www.linkedin.com\/in\/johannesgroebler\/","https:\/\/www.youtube.com\/channel\/UCTBxv_KtziYqXWm2a9DEjDA"]}]}},"_links":{"self":[{"href":"https:\/\/hotelfritz.com\/en\/wp-json\/wp\/v2\/pages\/3576","targetHints":{"allow":["GET"]}}],"collection":[{"href":"https:\/\/hotelfritz.com\/en\/wp-json\/wp\/v2\/pages"}],"about":[{"href":"https:\/\/hotelfritz.com\/en\/wp-json\/wp\/v2\/types\/page"}],"author":[{"embeddable":true,"href":"https:\/\/hotelfritz.com\/en\/wp-json\/wp\/v2\/users\/1"}],"replies":[{"embeddable":true,"href":"https:\/\/hotelfritz.com\/en\/wp-json\/wp\/v2\/comments?post=3576"}],"version-history":[{"count":25,"href":"https:\/\/hotelfritz.com\/en\/wp-json\/wp\/v2\/pages\/3576\/revisions"}],"predecessor-version":[{"id":6315,"href":"https:\/\/hotelfritz.com\/en\/wp-json\/wp\/v2\/pages\/3576\/revisions\/6315"}],"wp:attachment":[{"href":"https:\/\/hotelfritz.com\/en\/wp-json\/wp\/v2\/media?parent=3576"}],"curies":[{"name":"wp","href":"https:\/\/api.w.org\/{rel}","templated":true}]}}